{"id":2667,"date":"2023-03-23T21:55:10","date_gmt":"2023-03-23T14:55:10","guid":{"rendered":"https:\/\/thientanetc.com\/?post_type=product&#038;p=2667"},"modified":"2023-03-23T21:55:10","modified_gmt":"2023-03-23T14:55:10","slug":"cpu-1212c-dc-dc-dc","status":"publish","type":"product","link":"https:\/\/thientanetc.com\/en\/product\/cpu-1212c-dc-dc-dc\/","title":{"rendered":"CPU 1212C DC\/DC\/DC"},"content":{"rendered":"<table style=\"width: 61.6109%; height: 359px;\" border=\"1\">\n<tbody>\n<tr style=\"height: 21px;\">\n<td style=\"height: 21px;\"><strong>\u0110\u1eb7c t\u00ednh<\/strong><\/td>\n<td style=\"height: 21px;\">\u00a0<\/td>\n<td style=\"height: 21px;\"><strong>CPU 1212C<\/strong><\/td>\n<td style=\"height: 21px;\">\u00a0<\/td>\n<td style=\"height: 21px;\">\u00a0<\/td>\n<td style=\"height: 21px;\">\u00a0<\/td>\n<\/tr>\n<tr style=\"height: 42px;\">\n<td style=\"height: 42px;\"><strong>T\u00f9y ch\u1ecdn<\/strong><\/td>\n<td style=\"height: 42px;\">\u00a0<\/td>\n<td style=\"height: 42px;\">DC\/DC\/DC<\/td>\n<td style=\"height: 42px;\">\u00a0<\/td>\n<td style=\"height: 42px;\">\u00a0<\/td>\n<td style=\"height: 42px;\">\u00a0<\/td>\n<\/tr>\n<tr style=\"height: 21px;\">\n<td style=\"height: 21px;\"><strong>B\u1ed9 nh\u1edb work memory<\/strong><\/td>\n<td style=\"height: 21px;\">\u00a0<\/td>\n<td style=\"height: 21px;\">75 KB<\/td>\n<td style=\"height: 21px;\">\u00a0<\/td>\n<td style=\"height: 21px;\">\u00a0<\/td>\n<td style=\"height: 21px;\">\u00a0<\/td>\n<\/tr>\n<tr style=\"height: 21px;\">\n<td style=\"height: 21px;\"><strong>B\u1ed9 nh\u1edb woad memory<\/strong><\/td>\n<td style=\"height: 21px;\">\u00a0<\/td>\n<td style=\"height: 21px;\">2 MB<\/td>\n<td style=\"height: 21px;\">\u00a0<\/td>\n<td style=\"height: 21px;\">\u00a0<\/td>\n<td style=\"height: 21px;\">\u00a0<\/td>\n<\/tr>\n<tr style=\"height: 21px;\">\n<td style=\"height: 21px;\"><strong>Th\u1ebb nh\u1edb<\/strong><\/td>\n<td style=\"height: 21px;\" colspan=\"5\">T\u00f9y ch\u1ecdn th\u1ebb nh\u1edb<\/td>\n<\/tr>\n<tr style=\"height: 21px;\">\n<td style=\"height: 21px;\"><strong>DI\/DO t\u00edch h\u1ee3p<\/strong><\/td>\n<td style=\"height: 21px;\">\u00a0<\/td>\n<td style=\"height: 21px;\">8\/6<\/td>\n<td style=\"height: 21px;\">\u00a0<\/td>\n<td style=\"height: 21px;\">\u00a0<\/td>\n<td style=\"height: 21px;\">\u00a0<\/td>\n<\/tr>\n<tr style=\"height: 21px;\">\n<td style=\"height: 21px;\"><strong>Ng\u00f5 v\u00e0o Analog t\u00edch h\u1ee3p<\/strong><\/td>\n<td style=\"height: 21px;\">\u00a0<\/td>\n<td style=\"height: 21px;\">2<\/td>\n<td style=\"height: 21px;\">\u00a0<\/td>\n<td style=\"height: 21px;\">\u00a0<\/td>\n<td style=\"height: 21px;\">\u00a0<\/td>\n<\/tr>\n<tr style=\"height: 21px;\">\n<td style=\"height: 21px;\"><strong>Ng\u00f5 ra Analog t\u00edch h\u1ee3p<\/strong><\/td>\n<td style=\"height: 21px;\">\u00a0<\/td>\n<td style=\"height: 21px;\">0<\/td>\n<td style=\"height: 21px;\">\u00a0<\/td>\n<td style=\"height: 21px;\">\u00a0<\/td>\n<td style=\"height: 21px;\">\u00a0<\/td>\n<\/tr>\n<tr style=\"height: 21px;\">\n<td style=\"height: 21px;\"><strong>Process image<\/strong><\/td>\n<td style=\"height: 21px;\" colspan=\"5\">1042 bytes cho ng\u00f5 v\u00e0o, 1024 bytes cho ng\u00f5 ra<\/td>\n<\/tr>\n<tr style=\"height: 21px;\">\n<td style=\"height: 21px;\"><strong>Board m\u1ea1ch t\u00edn hi\u1ec7u m\u1edf r\u1ed9ng<\/strong><\/td>\n<td style=\"height: 21px;\">\u00a0<\/td>\n<td style=\"height: 21px;\">\u00a0Max. 1<\/td>\n<td style=\"height: 21px;\">\u00a0<\/td>\n<td style=\"height: 21px;\">\u00a0<\/td>\n<td style=\"height: 21px;\">\u00a0<\/td>\n<\/tr>\n<tr style=\"height: 21px;\">\n<td style=\"height: 21px;\"><strong>M\u00f4 \u0111un t\u00edn hi\u1ec7u m\u1edf r\u1ed9ng<\/strong><\/td>\n<td style=\"height: 21px;\">\u00a0<\/td>\n<td style=\"height: 21px;\">Max. 2<\/td>\n<td style=\"height: 21px;\">\u00a0<\/td>\n<td style=\"height: 21px;\">\u00a0<\/td>\n<td style=\"height: 21px;\">\u00a0<\/td>\n<\/tr>\n<tr style=\"height: 43px;\">\n<td style=\"height: 43px;\"><strong>M\u00f4 \u0111un truy\u1ec1n th\u00f4ng m\u1edf r\u1ed9ng<\/strong><\/td>\n<td style=\"height: 43px;\">\u00a0<\/td>\n<td style=\"height: 43px;\">Max. 3<\/td>\n<td style=\"height: 43px;\">\u00a0<\/td>\n<td style=\"height: 43px;\">\u00a0<\/td>\n<td style=\"height: 43px;\">\u00a0<\/td>\n<\/tr>\n<tr style=\"height: 64px;\">\n<td style=\"height: 64px;\"><strong>M\u00e3 order:<\/strong><\/td>\n<td style=\"height: 64px;\">\u00a0<\/td>\n<td style=\"height: 64px;\">6ES7212-1AE40-0XB0<br \/>\n6ES7212-1BE40-0XB0<br \/>\n6ES7212-1HE40-0XB0<\/td>\n<\/tr>\n<\/tbody>\n<\/table>\n<h3>Truy\u1ec1n th\u00f4ng<\/h3>\n<p>The SIMATIC S7-1200 is equipped with multiple communication interfaces:<\/p>\n<ul>\n<li>The SIMATIC S7-1200 integrates a PROFINET I\/O control interface.<\/li>\n<li>Supports a Master\/Slave PROFIBUS DP communication module.<\/li>\n<li>GPRS module for connectivity with GSM\/G mobile networks.<\/li>\n<li>LTE module for communication in 4th generation (Long-Term Evolution) mobile networks.<\/li>\n<li>Communication processor that allows connection to the TeleControl Server Basic software for central software control via Ethernet. It also enables safe communication over IP-based networks.<\/li>\n<li>Communication processor that facilitates connection to a central control center for remote control applications. This enables the remote monitoring and control of processes and systems from a centralized location.<\/li>\n<li>The RF120C is used to connect with the SIMATIC identification system.<\/li>\n<li>The SM1278 module is used to connect IO-Link sensors and drive devices.<\/li>\n<li>The SIMATIC S7-1200 allows point-to-point connections through communication modules or communication interface modules.\n<p>The SIMATIC S7-1200 supports various communication protocols, including:<\/p>\n<ul>\n<li>TCP\/IP<\/li>\n<li>ISO-on-TCP<\/li>\n<li>S7 communication<\/li>\n<\/ul>\n<\/li>\n<\/ul>","protected":false},"excerpt":{"rendered":"<p>Manufacturer: Siemens<br \/>\nSKU: 6ES7212-1AE40-0XB0<br \/>\nQuality: Brand new 100%<br \/>\nWarranty: Official manufacturer's warranty<br \/>\nDocuments: Certificate of Origin (CO), Certificate of Quality (CQ), VAT invoice<\/p>\n<div><strong>Additional services:<\/strong><br \/>\n\u2713\u00a0 Programming &amp; Customized Repairs of Siemens PLCs<br \/>\n\u2713 On-site Installation &amp; Operation<br \/>\n\u2713 Lifetime Technical Support<\/div>","protected":false},"featured_media":2668,"comment_status":"open","ping_status":"closed","template":"","meta":[],"product_cat":[61],"product_tag":[],"class_list":["post-2667","product","type-product","status-publish","has-post-thumbnail","hentry","product_cat-s7-1200"],"acf":[],"_links":{"self":[{"href":"https:\/\/thientanetc.com\/en\/wp-json\/wp\/v2\/product\/2667","targetHints":{"allow":["GET"]}}],"collection":[{"href":"https:\/\/thientanetc.com\/en\/wp-json\/wp\/v2\/product"}],"about":[{"href":"https:\/\/thientanetc.com\/en\/wp-json\/wp\/v2\/types\/product"}],"replies":[{"embeddable":true,"href":"https:\/\/thientanetc.com\/en\/wp-json\/wp\/v2\/comments?post=2667"}],"wp:featuredmedia":[{"embeddable":true,"href":"https:\/\/thientanetc.com\/en\/wp-json\/wp\/v2\/media\/2668"}],"wp:attachment":[{"href":"https:\/\/thientanetc.com\/en\/wp-json\/wp\/v2\/media?parent=2667"}],"wp:term":[{"taxonomy":"product_cat","embeddable":true,"href":"https:\/\/thientanetc.com\/en\/wp-json\/wp\/v2\/product_cat?post=2667"},{"taxonomy":"product_tag","embeddable":true,"href":"https:\/\/thientanetc.com\/en\/wp-json\/wp\/v2\/product_tag?post=2667"}],"curies":[{"name":"wp","href":"https:\/\/api.w.org\/{rel}","templated":true}]}}