{"id":2658,"date":"2023-03-23T16:42:15","date_gmt":"2023-03-23T09:42:15","guid":{"rendered":"https:\/\/thientanetc.com\/?post_type=product&#038;p=2658"},"modified":"2023-03-23T16:42:15","modified_gmt":"2023-03-23T09:42:15","slug":"cpu-1212fc-dc-dc-dc","status":"publish","type":"product","link":"https:\/\/thientanetc.com\/en\/product\/cpu-1212fc-dc-dc-dc\/","title":{"rendered":"CPU 1212FC DC\/DC\/DC"},"content":{"rendered":"<table class=\"ProductDetailsTable\" aria-describedby=\"ProductDetailsGridView\">\n<tbody>\n<tr>\n<td class=\"productDetailsTable_DataLabel\">Product Description<\/td>\n<td>SIMATIC S7-1200F, CPU 1212 FC, compact CPU, DC\/DC\/DC, onboard I\/O: 8 DI 24 V DC; 6 DO 24 V DC; 2 AI 0-10 V DC, Power supply: DC 20.4-28.8V DC, Program\/data memory 100 KB<\/td>\n<\/tr>\n<\/tbody>\n<\/table>\n<h2>Th\u00f4ng tin b\u1ed5 sung<\/h2>\n<table class=\"woocommerce-product-attributes shop_attributes\">\n<tbody>\n<tr class=\"woocommerce-product-attributes-item woocommerce-product-attributes-item--weight\">\n<th class=\"woocommerce-product-attributes-item__label\">Tr\u1ecdng l\u01b0\u1ee3ng<\/th>\n<td class=\"woocommerce-product-attributes-item__value\">\n<div>0.312 kg<\/div>\n<\/td>\n<\/tr>\n<tr class=\"woocommerce-product-attributes-item woocommerce-product-attributes-item--attribute_pa_brand\">\n<th class=\"woocommerce-product-attributes-item__label\">Th\u01b0\u01a1ng hi\u1ec7u<\/th>\n<td class=\"woocommerce-product-attributes-item__value\">\n<div>\n<p>: Siemens<\/p>\n<\/div>\n<\/td>\n<\/tr>\n<tr class=\"woocommerce-product-attributes-item woocommerce-product-attributes-item--attribute_pa_thoi-gian-bao-hanh\">\n<th class=\"woocommerce-product-attributes-item__label\">Th\u1eddi gian b\u1ea3o h\u00e0nh<\/th>\n<td class=\"woocommerce-product-attributes-item__value\">\n<div>\n<p>1 N\u0103m<\/p>\n<\/div>\n<\/td>\n<\/tr>\n<tr class=\"woocommerce-product-attributes-item woocommerce-product-attributes-item--attribute_pa_xuat-xu\">\n<th class=\"woocommerce-product-attributes-item__label\">Origin<\/th>\n<td class=\"woocommerce-product-attributes-item__value\">\n<div>\n<p>Trung Qu\u1ed1c<\/p>\n<\/div>\n<\/td>\n<\/tr>\n<tr class=\"woocommerce-product-attributes-item woocommerce-product-attributes-item--attribute_pa_kich-thuoc\">\n<th class=\"woocommerce-product-attributes-item__label\">Dimensions<\/th>\n<td class=\"woocommerce-product-attributes-item__value\">\n<div>\n<p>10.2\u00d710.6\u00d78.5cm<\/p>\n<\/div>\n<\/td>\n<\/tr>\n<tr class=\"woocommerce-product-attributes-item woocommerce-product-attributes-item--attribute_pa_series\">\n<th class=\"woocommerce-product-attributes-item__label\">Series<\/th>\n<td class=\"woocommerce-product-attributes-item__value\">\n<div>\n<p>PLC Siemens S7-1200<\/p>\n<\/div>\n<\/td>\n<\/tr>\n<tr class=\"woocommerce-product-attributes-item woocommerce-product-attributes-item--attribute_pa_dien-ap-ngo-vao\">\n<th class=\"woocommerce-product-attributes-item__label\">\u0110i\u1ec7n \u00e1p ng\u00f5 v\u00e0o<\/th>\n<td class=\"woocommerce-product-attributes-item__value\">\n<div>\n<p>24V<\/p>\n<\/div>\n<\/td>\n<\/tr>\n<\/tbody>\n<\/table>","protected":false},"excerpt":{"rendered":"<p>Manufacturer: Siemens<br \/>\nSKU: 6ES7212-1AF40-0XB0<br \/>\nQuality: Brand new 100%<br \/>\nWarranty: Official manufacturer's warranty<br \/>\nDocuments: Certificate of Origin (CO), Certificate of Quality (CQ), VAT invoice<\/p>\n<div><strong>Additional services:<\/strong><br \/>\n\u2713\u00a0 Programming &amp; Customized Repairs of Siemens PLCs<br \/>\n\u2713 On-site Installation &amp; Operation<br \/>\n\u2713 Lifetime Technical Support<\/div>","protected":false},"featured_media":2659,"comment_status":"open","ping_status":"closed","template":"","meta":[],"product_cat":[61],"product_tag":[],"class_list":["post-2658","product","type-product","status-publish","has-post-thumbnail","hentry","product_cat-s7-1200"],"acf":[],"_links":{"self":[{"href":"https:\/\/thientanetc.com\/en\/wp-json\/wp\/v2\/product\/2658","targetHints":{"allow":["GET"]}}],"collection":[{"href":"https:\/\/thientanetc.com\/en\/wp-json\/wp\/v2\/product"}],"about":[{"href":"https:\/\/thientanetc.com\/en\/wp-json\/wp\/v2\/types\/product"}],"replies":[{"embeddable":true,"href":"https:\/\/thientanetc.com\/en\/wp-json\/wp\/v2\/comments?post=2658"}],"wp:featuredmedia":[{"embeddable":true,"href":"https:\/\/thientanetc.com\/en\/wp-json\/wp\/v2\/media\/2659"}],"wp:attachment":[{"href":"https:\/\/thientanetc.com\/en\/wp-json\/wp\/v2\/media?parent=2658"}],"wp:term":[{"taxonomy":"product_cat","embeddable":true,"href":"https:\/\/thientanetc.com\/en\/wp-json\/wp\/v2\/product_cat?post=2658"},{"taxonomy":"product_tag","embeddable":true,"href":"https:\/\/thientanetc.com\/en\/wp-json\/wp\/v2\/product_tag?post=2658"}],"curies":[{"name":"wp","href":"https:\/\/api.w.org\/{rel}","templated":true}]}}