{"id":2653,"date":"2023-03-23T16:32:43","date_gmt":"2023-03-23T09:32:43","guid":{"rendered":"https:\/\/thientanetc.com\/?post_type=product&#038;p=2653"},"modified":"2023-03-23T16:32:43","modified_gmt":"2023-03-23T09:32:43","slug":"cp-1242-7","status":"publish","type":"product","link":"https:\/\/thientanetc.com\/en\/product\/cp-1242-7\/","title":{"rendered":"CP 1242-7"},"content":{"rendered":"<table class=\"ProductDetailsTable\" aria-describedby=\"ProductDetailsGridView\">\n<tbody>\n<tr class=\"productDetailsTable_Header\">\n<td colspan=\"2\">Product<\/td>\n<\/tr>\n<tr>\n<td class=\"productDetailsTable_DataLabel\">Article Number (Market Facing Number)<\/td>\n<td><span class=\"productIdentifier\">6GK7242-7KX30-0XE0<\/span><\/td>\n<\/tr>\n<tr>\n<td class=\"productDetailsTable_DataLabel\">Product Description<\/td>\n<td>********** spare part ********* communications processor CP 1242-7 for connection of SIMATIC S7-1200 to GSM\/GPRS network observe national approvals.<\/td>\n<\/tr>\n<\/tbody>\n<\/table>\n<table id=\"plc-siemens-s7-1200-CP-1242-7 -6gk7242-7kx30-0xe0-6gk72427kx300xe0-datasheet\" border=\"1\" summary=\"plc-siemens-s7-1200-CP-1242-7 -6gk7242-7kx30-0xe0-6gk72427kx300xe0-datasheet\" cellspacing=\"1\" cellpadding=\"1\">\n<tbody>\n<tr>\n<td colspan=\"2\">\n<h2><span style=\"color: #000000;\">T\u1ed1c \u0111\u1ed9 truy\u1ec1n th\u00f4ng<\/span><\/h2>\n<\/td>\n<\/tr>\n<tr>\n<td colspan=\"2\"><span style=\"color: #000000;\">Truy\u1ec1n d\u1eabn GPRS<\/span><\/td>\n<\/tr>\n<tr>\n<td>\n<p><span style=\"font-family: arial, helvetica, sans-serif; color: #000000;\">Downlink, t\u1ed1i \u0111a<\/span><\/p>\n<\/td>\n<td><span style=\"color: #000000;\">86 kbit\/s<\/span><\/td>\n<\/tr>\n<tr>\n<td>\n<p><span style=\"color: #000000;\">Uplink, t\u1ed1i \u0111a<\/span><\/p>\n<\/td>\n<td><span style=\"color: #000000;\">43 kbit\/s<\/span><\/td>\n<\/tr>\n<tr>\n<td colspan=\"2\">\n<h2><span style=\"color: #000000;\">C\u1ed5ng truy\u1ec1n th\u00f4ng<\/span><\/h2>\n<\/td>\n<\/tr>\n<tr>\n<td>\n<p><span style=\"color: #000000;\">S\u1ed1 l\u01b0\u1ee3ng c\u1ed5ng truy\u1ec1n th\u00f4ng Ethernet c\u00f4ng nghi\u1ec7p<\/span><\/p>\n<\/td>\n<td><span style=\"color: #000000;\">0<\/span><\/td>\n<\/tr>\n<tr>\n<td colspan=\"2\"><span style=\"color: #000000;\">S\u1ed1 l\u01b0\u1ee3ng k\u1ebft n\u1ed1i\u00a0\u0111i\u1ec7n<\/span><\/td>\n<\/tr>\n<tr>\n<td>\n<p><span style=\"color: #000000;\">Cho anten ngo\u00e0i<\/span><\/p>\n<\/td>\n<td><span style=\"color: #000000;\">1<\/span><\/td>\n<\/tr>\n<tr>\n<td>\n<p><span style=\"color: #000000;\">Cho ngu\u1ed3n cung c\u1ea5p<\/span><\/p>\n<\/td>\n<td><span style=\"color: #000000;\">1<\/span><\/td>\n<\/tr>\n<tr>\n<td colspan=\"2\"><span style=\"color: #000000;\">S\u1ed1 l\u01b0\u1ee3ng slot<\/span><\/td>\n<\/tr>\n<tr>\n<td>\n<p><span style=\"color: #000000;\">Cho SIM cards<\/span><\/p>\n<\/td>\n<td><span style=\"color: #000000;\">1<\/span><\/td>\n<\/tr>\n<tr>\n<td colspan=\"2\"><span style=\"color: #000000;\">Ki\u1ec3u k\u1ebft n\u1ed1i \u0111i\u1ec7n<\/span><\/td>\n<\/tr>\n<tr>\n<td>\n<p><span style=\"color: #000000;\">Cho anten ngo\u00e0i<\/span><\/p>\n<\/td>\n<td><span style=\"color: #000000;\">l\u1ed7 SMA, 50 Ohms<\/span><\/td>\n<\/tr>\n<tr>\n<td>\n<p><span style=\"color: #000000;\">Cho ngu\u1ed3n cung c\u1ea5p<\/span><\/p>\n<\/td>\n<td><span style=\"color: #000000;\">\u0110\u1ea7u \u0111\u1ea5u d\u00e2y 3 l\u1ed7<\/span><\/td>\n<\/tr>\n<tr>\n<td colspan=\"2\"><span style=\"color: #000000;\">Phi\u00ean b\u1ea3n slot<\/span><\/td>\n<\/tr>\n<tr>\n<td>\n<p><span style=\"color: #000000;\">Cho SIM cards<\/span><\/p>\n<\/td>\n<td><span style=\"color: #000000;\">Ti\u00eau chu\u1ea9n<\/span><\/td>\n<\/tr>\n<tr>\n<td colspan=\"2\">\n<h2><span style=\"color: #000000;\">C\u00f4ng ngh\u1ec7 kh\u00f4ng d\u00e2y<\/span><\/h2>\n<\/td>\n<\/tr>\n<tr>\n<td colspan=\"2\"><span style=\"color: #000000;\">Ki\u1ec3u d\u1ecbch v\u1ee5 mobile kh\u00f4ng d\u00e2y<\/span><\/td>\n<\/tr>\n<tr>\n<td>\n<p><span style=\"color: #000000;\">H\u1ed7 tr\u1ee3 SMS<\/span><\/p>\n<\/td>\n<td><span style=\"color: #000000;\">: Yes<\/span><\/td>\n<\/tr>\n<tr>\n<td>\n<p><span style=\"color: #000000;\">H\u1ed7 tr\u1ee3 GPRS<\/span><\/p>\n<\/td>\n<td><span style=\"color: #000000;\">: Yes<\/span><\/td>\n<\/tr>\n<tr>\n<td>\n<p><span style=\"color: #000000;\">L\u01b0u \u00fd<\/span><\/p>\n<\/td>\n<td><span style=\"color: #000000;\">GPRS (Multislot Class 10)<\/span><\/td>\n<\/tr>\n<tr>\n<td colspan=\"2\"><span style=\"color: #000000;\">Ki\u1ec3u m\u1ea1ng mobile h\u1ed7 tr\u1ee3<\/span><\/td>\n<\/tr>\n<tr>\n<td>\n<p><span style=\"color: #000000;\">GSM<\/span><\/p>\n<\/td>\n<td><span style=\"color: #000000;\">: Yes<\/span><\/td>\n<\/tr>\n<tr>\n<td>\n<p><span style=\"color: #000000;\">UMTS<\/span><\/p>\n<\/td>\n<td><span style=\"color: #000000;\">No<\/span><\/td>\n<\/tr>\n<tr>\n<td>\n<p><span style=\"color: #000000;\">LTE<\/span><\/p>\n<\/td>\n<td><span style=\"color: #000000;\">No<\/span><\/td>\n<\/tr>\n<tr>\n<td colspan=\"2\"><span style=\"color: #000000;\">T\u1ea7n s\u1ed1 ho\u1ea1t \u0111\u1ed9ng<\/span><\/td>\n<\/tr>\n<tr>\n<td>\n<p><span style=\"color: #000000;\">850 MHz<\/span><\/p>\n<\/td>\n<td><span style=\"color: #000000;\">: Yes<\/span><\/td>\n<\/tr>\n<tr>\n<td>\n<p><span style=\"color: #000000;\">900 MHz<\/span><\/p>\n<\/td>\n<td><span style=\"color: #000000;\">: Yes<\/span><\/td>\n<\/tr>\n<tr>\n<td>\n<p><span style=\"color: #000000;\">1800 MHz<\/span><\/p>\n<\/td>\n<td><span style=\"color: #000000;\">: Yes<\/span><\/td>\n<\/tr>\n<tr>\n<td>\n<p><span style=\"color: #000000;\">1900 MHz<\/span><\/p>\n<\/td>\n<td><span style=\"color: #000000;\">: Yes<\/span><\/td>\n<\/tr>\n<tr>\n<td colspan=\"2\"><span style=\"color: #000000;\">C\u00f4ng su\u1ea5t truy\u1ec1n nh\u1eadn<\/span><\/td>\n<\/tr>\n<tr>\n<td>\n<p><span style=\"color: #000000;\">T\u1ea1i t\u1ea7n s\u1ed1 ho\u1ea1t \u0111\u1ed9ng\u00a0900 MHz<\/span><\/p>\n<\/td>\n<td><span style=\"color: #000000;\">2 W<\/span><\/td>\n<\/tr>\n<tr>\n<td>\n<p><span style=\"color: #000000;\">T\u1ea1i t\u1ea7n s\u1ed1 ho\u1ea1t \u0111\u1ed9ng 1800 MHz<\/span><\/p>\n<\/td>\n<td><span style=\"color: #000000;\">1 W<\/span><\/td>\n<\/tr>\n<tr>\n<td>\n<p><span style=\"color: #000000;\">T\u1ea1i t\u1ea7n s\u1ed1 ho\u1ea1t \u0111\u1ed9ng 1900 MHz<\/span><\/p>\n<\/td>\n<td><span style=\"color: #000000;\">1 W<\/span><\/td>\n<\/tr>\n<tr>\n<td colspan=\"2\">\n<h2><span style=\"color: #000000; font-family: arial, helvetica, sans-serif;\">\u0110i\u1ec7n \u00e1p cung c\u1ea5p, d\u00f2ng \u0111i\u1ec7n ti\u00eau th\u1ecb, c\u00f4ng su\u1ea5t t\u1ed5n th\u1ea5t<\/span><\/h2>\n<\/td>\n<\/tr>\n<tr>\n<td>\n<p><span style=\"font-family: arial, helvetica, sans-serif; color: #000000;\">\u0110i\u1ec7n \u00e1p cung c\u1ea5p ngo\u00e0i<\/span><\/p>\n<\/td>\n<td><span style=\"color: #000000;\">24 VDC<\/span><\/td>\n<\/tr>\n<tr>\n<td>\n<p><span style=\"color: #000000;\">Dung sai d\u01b0\u01a1ng cho ph\u00e9p<\/span><\/p>\n<\/td>\n<td><span style=\"color: #000000;\">20 %<\/span><\/td>\n<\/tr>\n<tr>\n<td>\n<p><span style=\"color: #000000;\">Dung sai \u00e2m cho ph\u00e9p<\/span><\/p>\n<\/td>\n<td><span style=\"color: #000000;\">20 %<\/span><\/td>\n<\/tr>\n<tr>\n<td colspan=\"2\"><span style=\"color: #000000;\">D\u00f2ng ti\u00eau th\u1ee5<\/span><\/td>\n<\/tr>\n<tr>\n<td>\n<p><span style=\"color: #000000;\">T\u1eeb \u0111i\u1ec7n \u00e1p ngo\u00e0i cung c\u1ea5p, th\u00f4ng th\u01b0\u1eddng<\/span><\/p>\n<\/td>\n<td><span style=\"color: #000000;\">0.1 A<\/span><\/td>\n<\/tr>\n<tr>\n<td>\n<p><span style=\"color: #000000;\">T\u1eeb \u0111i\u1ec7n \u00e1p ngo\u00e0i cung c\u1ea5p, t\u1ed1i \u0111a<\/span><\/p>\n<\/td>\n<td><span style=\"color: #000000;\">0.22 A<\/span><\/td>\n<\/tr>\n<tr>\n<td colspan=\"2\"><span style=\"color: #000000;\">C\u00f4ng su\u1ea5t t\u1ed5n th\u1ea5t<\/span><\/td>\n<\/tr>\n<tr>\n<td>\n<p><span style=\"color: #000000;\">C\u00f4ng su\u1ea5t t\u1ed5n th\u1ea5t<\/span><\/p>\n<\/td>\n<td><span style=\"color: #000000;\">2.4 W<\/span><\/td>\n<\/tr>\n<tr>\n<td colspan=\"2\">\n<h2><span style=\"color: #000000;\">\u0110i\u1ec1u ki\u1ec7n m\u00f4i tr\u01b0\u1eddng cho ph\u00e9p<\/span><\/h2>\n<\/td>\n<\/tr>\n<tr>\n<td colspan=\"2\"><span style=\"color: #000000;\">Environment Temperature<\/span><\/td>\n<\/tr>\n<tr>\n<td>\n<p><span style=\"color: #000000;\">L\u1eafp \u0111\u1eb7t theo chi\u1ec1u d\u1ecdc, trong qu\u00e1 tr\u00ecnh ho\u1ea1t \u0111\u1ed9ng<\/span><\/p>\n<\/td>\n<td><span style=\"color: #000000;\">0 &#8230; 45 \u0111\u1ed9C<\/span><\/td>\n<\/tr>\n<tr>\n<td>\n<p><span style=\"color: #000000;\">L\u1eafp \u0111\u1eb7t theo chi\u1ec1u ngang, trong qu\u00e1 tr\u00ecnh ho\u1ea1t \u0111\u1ed9ng<\/span><\/p>\n<\/td>\n<td><span style=\"color: #000000;\">0 &#8230; 55 \u0111\u1ed9C<\/span><\/td>\n<\/tr>\n<tr>\n<td>\n<p><span style=\"font-family: arial, helvetica, sans-serif; color: #000000;\">Trong kho ch\u1ee9a<\/span><\/p>\n<\/td>\n<td><span style=\"color: #000000;\">-40 &#8230; 70 \u0111\u1ed9C<\/span><\/td>\n<\/tr>\n<tr>\n<td>\n<p><span style=\"color: #000000;\">Trong qu\u00e1 tr\u00ecnh v\u1eadn chuy\u1ec3n<\/span><\/p>\n<\/td>\n<td><span style=\"color: #000000;\">-40 &#8230; 70 \u0111\u1ed9C<\/span><\/td>\n<\/tr>\n<tr>\n<td>\n<p><span style=\"font-family: arial, helvetica, sans-serif; color: #000000;\">\u0110\u1ed9 \u1ea9m t\u01b0\u01a1ng \u0111\u1ed1i t\u1ea1i 25 \u0111\u1ed9 C, t\u1ed1i \u0111a<\/span><\/p>\n<\/td>\n<td><span style=\"color: #000000;\">95%<\/span><\/td>\n<\/tr>\n<tr>\n<td>\n<p><span style=\"color: #000000;\">Chu\u1ea9n b\u1ea3o v\u1ec3<\/span><\/p>\n<\/td>\n<td><span style=\"color: #000000;\">IP20<\/span><\/td>\n<\/tr>\n<tr>\n<td colspan=\"2\">\n<h2><span style=\"color: #000000;\">Thu\u1ed9c t\u00ednh s\u1ea3n ph\u1ea9m, ch\u1ee9c n\u0103ng, th\u00e0nh ph\u1ea7n<\/span><\/h2>\n<\/td>\n<\/tr>\n<tr>\n<td>\n<p><span style=\"color: #000000;\">S\u1ed1 l\u01b0\u1ee3ng t\u1ed1i \u0111a tr\u00ean m\u1ed7i CPU<\/span><\/p>\n<\/td>\n<td><span style=\"color: #000000;\">3<\/span><\/td>\n<\/tr>\n<tr>\n<td colspan=\"2\">\n<h2><span style=\"color: #000000;\">D\u1eef li\u1ec7u hi\u1ec3n th\u1ecb<\/span><\/h2>\n<\/td>\n<\/tr>\n<tr>\n<td>\n<p><span style=\"color: #000000;\">S\u1ed1 l\u01b0\u1ee3ng ng\u01b0\u1eddi s\u1eed d\u1ee5ng, s\u1ed1 l\u01b0\u1ee3ng telephone,\u00a0definable, t\u1ed1i \u0111a<\/span><\/p>\n<\/td>\n<td><span style=\"color: #000000;\">10<\/span><\/td>\n<\/tr>\n<tr>\n<td colspan=\"2\">\n<h2><span style=\"color: #000000;\">D\u1eef li\u1ec7u hi\u1ec3n th\u1ecb &#8211;\u00a0K\u1ebft n\u1ed1i m\u1edf<\/span><\/h2>\n<\/td>\n<\/tr>\n<tr>\n<td><span style=\"color: #000000;\">S\u1ed1 l\u01b0\u1ee3ng k\u1ebft n\u1ed1i, t\u1ed1i \u0111a<\/span><\/td>\n<td><span style=\"color: #000000;\">5<\/span><\/td>\n<\/tr>\n<tr>\n<td><span style=\"color: #000000;\">T\u1ed5ng d\u1eef li\u1ec7u ng\u01b0\u1eddi s\u1eed d\u1ee5ng tr\u00ean m\u1ed7i polling<\/span><\/td>\n<td><span style=\"color: #000000;\">1024 byte<\/span><\/td>\n<\/tr>\n<tr>\n<td colspan=\"2\">\n<h2><span style=\"color: #000000;\">D\u1eef li\u1ec7u hi\u1ec3n th\u1ecb &#8211; Telecontrol<\/span><\/h2>\n<\/td>\n<\/tr>\n<tr>\n<td><span style=\"color: #000000;\">K\u1ebft n\u1ed1i \u0111i\u1ec1u khi\u1ec3n trung t\u00e2m<\/span><\/td>\n<td><span style=\"color: #000000;\">Telecontrol Server Basic<\/span><\/td>\n<\/tr>\n<tr>\n<td>\n<p><span style=\"color: #000000;\">K\u1ebft n\u1ed1i th\u01b0\u1eddng xuy\u00ean<\/span><\/p>\n<\/td>\n<td><span style=\"color: #000000;\">C\u00f3 h\u1ed7 tr\u1ee3<\/span><\/td>\n<\/tr>\n<tr>\n<td>\n<p><span style=\"color: #000000;\">K\u1ebft n\u1ed1i theo nhu c\u1ea7u<\/span><\/p>\n<\/td>\n<td><span style=\"color: #000000;\">C\u00f3 h\u1ed7 tr\u1ee3<\/span><\/td>\n<\/tr>\n<tr>\n<td>\n<p><span style=\"color: #000000;\">Ch\u00fa \u00fd<\/span><\/p>\n<\/td>\n<td><span style=\"color: #000000;\">K\u1ebft n\u1ed1i \u0111\u1ebfn h\u1ec7 th\u1ed1ng SCADA s\u1eed d\u1ee5ng giao ti\u1ebfp OPC<\/span><\/td>\n<\/tr>\n<tr>\n<td colspan=\"2\"><span style=\"color: #000000;\">Chu\u1ea9n h\u1ed7 tr\u1ee3<\/span><\/td>\n<\/tr>\n<tr>\n<td>\n<p><span style=\"color: #000000;\">DNP3<\/span><\/p>\n<\/td>\n<td><span style=\"color: #000000;\">No<\/span><\/td>\n<\/tr>\n<tr>\n<td>\n<p><span style=\"color: #000000;\">EC 60870-5<\/span><\/p>\n<\/td>\n<td><span style=\"color: #000000;\">No<\/span><\/td>\n<\/tr>\n<tr>\n<td>\n<p><span style=\"color: #000000;\">Product function\/ b\u1ed9 \u0111\u1ec7m d\u1eef li\u1ec7u n\u1ebfu m\u1ea5t k\u1ebft n\u1ed1i<\/span><\/p>\n<\/td>\n<td><span style=\"color: #000000;\">C\u00f3, l\u00ean \u0111\u1ebfn 1000 khung tin nh\u1eafn<\/span><\/td>\n<\/tr>\n<tr>\n<td>\n<p><span style=\"color: #000000;\">T\u1ed5ng s\u1ed1 d\u1eef li\u1ec7u\/ nh\u01b0 l\u00e0 d\u1eef li\u1ec7u ng\u01b0\u1eddi s\u1eed d\u1ee5ng tr\u00ean 1 tr\u1ea1m\/ trong ch\u1ebf \u0111\u1ed9 telecontrol\/ t\u1ed1i \u0111a<\/span><\/p>\n<\/td>\n<td><span style=\"color: #000000;\">2048 byte<\/span><\/td>\n<\/tr>\n<tr>\n<td colspan=\"2\">\n<h2><span style=\"color: #000000;\">D\u1eef li\u1ec7u hi\u1ec3n th\u1ecb &#8211;\u00a0Teleservice<\/span><\/h2>\n<\/td>\n<\/tr>\n<tr>\n<td>\n<p><span style=\"color: #000000;\">H\u00e0m chu\u1ea9n \u0111o\u00e1n\/ chu\u1ea9n \u0111o\u00e1n online v\u1edbi\u00a0SIMATIC STEP 7<\/span><\/p>\n<\/td>\n<td><span style=\"color: #000000;\">: Yes<\/span><\/td>\n<\/tr>\n<tr>\n<td colspan=\"2\"><span style=\"color: #000000;\">Ch\u1ee9c n\u0103ng s\u1ea3n ph\u1ea9m<\/span><\/td>\n<\/tr>\n<tr>\n<td>\n<p><span style=\"color: #000000;\">Download ch\u01b0\u01a1ng tr\u00ecnh v\u1edbi\u00a0SIMATIC STEP 7<\/span><\/p>\n<\/td>\n<td><span style=\"color: #000000;\">: Yes<\/span><\/td>\n<\/tr>\n<tr>\n<td>\n<p><span style=\"color: #000000;\">C\u1eadp nh\u1eadp firmware t\u1eeb xa<\/span><\/p>\n<\/td>\n<td><span style=\"color: #000000;\">No<\/span><\/td>\n<\/tr>\n<tr>\n<td colspan=\"2\"><span style=\"color: #000000;\">Ph\u1ea7n m\u1ec1m c\u1ea5u h\u00ecnh<\/span><\/td>\n<\/tr>\n<tr>\n<td>\n<p><span style=\"color: #000000;\">Y\u00eau c\u1ea7u<\/span><\/p>\n<\/td>\n<td><span style=\"color: #000000;\">STEP 7 Basic\/Professional<\/span><\/td>\n<\/tr>\n<tr>\n<td colspan=\"2\">\n<h2><span style=\"color: #000000;\">T\u00ednh n\u0103ng s\u1ea3n ph\u1ea9m &#8211; B\u1ea3o m\u1eadt<\/span><\/h2>\n<\/td>\n<\/tr>\n<tr>\n<td>\n<p><span style=\"color: #000000;\">M\u1eadt kh\u1ea9u b\u1ea3o v\u1ec7 cho truy c\u1eadp\u00a0teleservice<\/span><\/p>\n<\/td>\n<td><span style=\"color: #000000;\">: Yes<\/span><\/td>\n<\/tr>\n<tr>\n<td>\n<p><span style=\"color: #000000;\">M\u00e3 h\u00f3a d\u1eef li\u1ec7u trao \u0111\u1ed5i<\/span><\/p>\n<\/td>\n<td><span style=\"color: #000000;\">: Yes<\/span><\/td>\n<\/tr>\n<tr>\n<td colspan=\"2\">\n<h2><span style=\"color: #000000;\">T\u00ednh n\u0103ng s\u1ea3n ph\u1ea9m &#8211; Time<\/span><\/h2>\n<\/td>\n<\/tr>\n<tr>\n<td colspan=\"2\"><span style=\"color: #000000;\">Chu\u1ea9n giao ti\u1ebfp \u0111\u01b0\u1ee3c h\u1ed7 tr\u1ee3<\/span><\/td>\n<\/tr>\n<tr>\n<td>\n<p><span style=\"color: #000000;\">NTP<\/span><\/p>\n<\/td>\n<td><span style=\"color: #000000;\">: Yes<\/span><\/td>\n<\/tr>\n<tr>\n<td colspan=\"2\">\n<h2><span style=\"color: #000000;\">K\u00edch th\u01b0\u1edbt thi\u1ebft b\u1ecb<\/span><\/h2>\n<\/td>\n<\/tr>\n<tr>\n<td>\n<p><span style=\"color: #000000;\">R\u1ed9ng<\/span><\/p>\n<\/td>\n<td><span style=\"color: #000000;\">30 mm<\/span><\/td>\n<\/tr>\n<tr>\n<td>\n<p><span style=\"color: #000000;\">Cao<\/span><\/p>\n<\/td>\n<td><span style=\"color: #000000;\">100 mm<\/span><\/td>\n<\/tr>\n<tr>\n<td>\n<p><span style=\"color: #000000;\">S\u00e2u<\/span><\/p>\n<\/td>\n<td><span style=\"color: #000000;\">75 mm<\/span><\/td>\n<\/tr>\n<tr>\n<td colspan=\"2\"><span style=\"color: #000000;\">Ki\u1ec3u g\u1eafn thi\u1ebft b\u1ecb<\/span><\/td>\n<\/tr>\n<tr>\n<td>\n<p><span style=\"color: #000000;\">35 mm DIN rail<\/span><\/p>\n<\/td>\n<td><span style=\"color: #000000;\">: Yes<\/span><\/td>\n<\/tr>\n<tr>\n<td>\n<p><span style=\"color: #000000;\">S7-300 rail<\/span><\/p>\n<\/td>\n<td><span style=\"color: #000000;\">No<\/span><\/td>\n<\/tr>\n<tr>\n<td>\n<p><span style=\"color: #000000;\">G\u1eafn tr\u00ean t\u01b0\u1eddng<\/span><\/p>\n<\/td>\n<td><span style=\"color: #000000;\">: Yes<\/span><\/td>\n<\/tr>\n<tr>\n<td colspan=\"2\">\n<h2><span style=\"color: #000000;\">Mass<\/span><\/h2>\n<\/td>\n<\/tr>\n<tr>\n<td>\n<p><span style=\"color: #000000;\">Kh\u1ed1i l\u01b0\u1ee3ng, x\u1ea5p x\u1ec9<\/span><\/p>\n<\/td>\n<td><span style=\"color: #000000;\">115 g<\/span><\/td>\n<\/tr>\n<\/tbody>\n<\/table>","protected":false},"excerpt":{"rendered":"<div class=\"woocommerce-product-details__short-description\">\n<p>Manufacturer: Siemens<br \/>\nSKU: 6GK7242-7KX30-0XE0<br \/>\nQuality: Brand new 100%<br \/>\nWarranty: Official manufacturer's warranty<br \/>\nDocuments: Certificate of Origin (CO), Certificate of Quality (CQ), VAT invoice<\/p>\n<div><strong>Additional services:<\/strong><br \/>\n\u2713\u00a0 Programming &amp; Customized Repairs of Siemens PLCs<br \/>\n\u2713 On-site Installation &amp; Operation<br \/>\n\u2713 Lifetime Technical Support<\/div>\n<\/div>\n<div class=\"product_meta\"><span class=\"sku_wrapper\">M\u00e3:\u00a0<span class=\"sku\">6GK7242-7KX30-0XE0<\/span><\/span><\/div>","protected":false},"featured_media":2656,"comment_status":"open","ping_status":"closed","template":"","meta":[],"product_cat":[61],"product_tag":[],"class_list":["post-2653","product","type-product","status-publish","has-post-thumbnail","hentry","product_cat-s7-1200"],"acf":[],"_links":{"self":[{"href":"https:\/\/thientanetc.com\/en\/wp-json\/wp\/v2\/product\/2653","targetHints":{"allow":["GET"]}}],"collection":[{"href":"https:\/\/thientanetc.com\/en\/wp-json\/wp\/v2\/product"}],"about":[{"href":"https:\/\/thientanetc.com\/en\/wp-json\/wp\/v2\/types\/product"}],"replies":[{"embeddable":true,"href":"https:\/\/thientanetc.com\/en\/wp-json\/wp\/v2\/comments?post=2653"}],"wp:featuredmedia":[{"embeddable":true,"href":"https:\/\/thientanetc.com\/en\/wp-json\/wp\/v2\/media\/2656"}],"wp:attachment":[{"href":"https:\/\/thientanetc.com\/en\/wp-json\/wp\/v2\/media?parent=2653"}],"wp:term":[{"taxonomy":"product_cat","embeddable":true,"href":"https:\/\/thientanetc.com\/en\/wp-json\/wp\/v2\/product_cat?post=2653"},{"taxonomy":"product_tag","embeddable":true,"href":"https:\/\/thientanetc.com\/en\/wp-json\/wp\/v2\/product_tag?post=2653"}],"curies":[{"name":"wp","href":"https:\/\/api.w.org\/{rel}","templated":true}]}}