{"id":2632,"date":"2023-03-23T15:24:57","date_gmt":"2023-03-23T08:24:57","guid":{"rendered":"https:\/\/thientanetc.com\/?post_type=product&#038;p=2632"},"modified":"2023-03-23T15:24:57","modified_gmt":"2023-03-23T08:24:57","slug":"cm-1241-rs422-485","status":"publish","type":"product","link":"https:\/\/thientanetc.com\/en\/product\/cm-1241-rs422-485\/","title":{"rendered":"CM 1241 RS422\/485"},"content":{"rendered":"<h2><strong>M\u00f4 t\u1ea3 b\u1ed9 l\u1eadp tr\u00ecnh 6ES7241-1CH32-0XB0 Siemens<\/strong><\/h2>\n<div>\n<table width=\"676\">\n<tbody>\n<tr>\n<td>T\u00ean s\u1ea3n ph\u1ea9m<\/td>\n<td>B\u1ed9 l\u1eadp tr\u00ecnh 6ES7241-1CH32-0XB0 Siemens<\/td>\n<\/tr>\n<tr>\n<td>D\u00f2ng<\/td>\n<td>SIMATIC S7-1200<\/td>\n<\/tr>\n<tr>\n<td>M\u00f4 t\u1ea3 s\u1ea3n ph\u1ea9m<\/td>\n<td>SIMATIC S7-1200, M\u00f4-\u0111un giao ti\u1ebfp CM 1241, RS422 \/ 485, D-sub 9 c\u1ef1c (\u1ed5 c\u1eafm) h\u1ed7 tr\u1ee3 Freeport<\/td>\n<\/tr>\n<tr>\n<td>Ngu\u1ed3n \u0111i\u1ec7n<\/td>\n<td>24 VDC<\/td>\n<\/tr>\n<tr>\n<td>Tr\u1ecdng l\u01b0\u1ee3ng<\/td>\n<td>159 gam<\/td>\n<\/tr>\n<tr>\n<td>C\u1ea5p \u0111\u1ed9 b\u1ea3o v\u1ec7<\/td>\n<td>IP20<\/td>\n<\/tr>\n<tr>\n<td>Ti\u00eau chu\u1ea9n<\/td>\n<td>UL, CE<\/td>\n<\/tr>\n<tr>\n<td>\u00a0Manufacturer<\/td>\n<td>Siemens AG<\/td>\n<\/tr>\n<\/tbody>\n<\/table>\n<h3><strong>C\u1ea5u h\u00ecnh chi ti\u1ebft b\u1ed9 l\u1eadp tr\u00ecnh 6ES7241-1CH32-0XB0 Siemens<\/strong><\/h3>\n<div>SIMATIC S7-1200, M\u00f4-\u0111un giao ti\u1ebfp CM 1241, RS422 \/ 485, D-sub 9 c\u1ef1c (\u1ed5 c\u1eafm) h\u1ed7 tr\u1ee3 Freeport, ngu\u1ed3n c\u1ea5p 24VDC, tr\u1ecdng l\u01b0\u1ee3ng 159 gam.<\/div>\n<h4><strong>T\u00ednh n\u0103ng n\u1ed5i b\u1eadt v\u1ec1 b\u1ed9 l\u1eadp tr\u00ecnh PLC S7-1200 Siemens<\/strong><\/h4>\n<div>&#8211; D\u00f9ng \u0111\u1ec3 k\u1ebft n\u1ed1i m\u00e1y t\u00ednh, v\u1edbi m\u00e0n h\u00ecnh HMI hay truy\u1ec1n th\u00f4ng PLC-PLC<br \/>\n&#8211; D\u00f9ng k\u1ebft n\u1ed1i v\u1edbi c\u00e1c thi\u1ebft b\u1ecb kh\u00e1c c\u00f3 h\u1ed7 tr\u1ee3 chu\u1ea9n Ethernet m\u1edf<\/div>\n<div>&#8211; B\u1ed9 \u0111i\u1ec1u khi\u1ec3n m\u1edf r\u1ed9ng t\u1eeb S7 -1200 v\u1edbi ph\u01b0\u01a1ng \u00e1n m\u1edf r\u1ed9ng linh ho\u1ea1t:<\/div>\n<div>+ 1 bo m\u1ea1ch t\u00edn hi\u1ec7u (SB) v\u00e0 1 bo m\u1ea1ch truy\u1ec1n th\u00f4ng (CB)<\/div>\n<div>+ 0, 2 ho\u1eb7c 8 m\u00f4 \u0111un t\u00edn hi\u1ec7u (SM) t\u00f9y v\u00e0o d\u00f2ng CPU l\u1ea7n l\u01b0\u1ee3t CPU 1211C, CPU 1212C, v\u00e0 CPU 1214C<\/div>\n<div>+ C\u00f3 th\u1ec3 c\u00f3 l\u1edbn nh\u1ea5t 3 modun truy\u1ec1n th\u00f4ng (CM)<\/div>\n<div>+ C\u1ed5ng truy\u1ec1n th\u00f4ng Profinet (Ethernet) \u0111\u01b0\u1ee3c t\u00edch h\u1ee3p s\u1eb5n<\/div>\n<div>&#8211; \u0110\u1ea7u n\u1ed1i RJ45 v\u1edbi t\u00ednh n\u0103ng t\u1ef1 \u0111\u1ed9ng chuy\u1ec3n \u0111\u1ed5i \u0111\u1ea5u ch\u00e9o.<br \/>\n&#8211; T\u1ed1c \u0111\u1ed9 truy\u1ec1n 10\/100 Mbits\/s.<br \/>\n&#8211; H\u1ed7 tr\u1ee3 16 k\u1ebft n\u1ed1i ethernet.<br \/>\n&#8211; TCP\/IP, ISO on TCP, v\u00e0 S7 protocol.<\/div>\n<\/div>","protected":false},"excerpt":{"rendered":"<h4 class=\"product_title entry-title\">M\u00f4 \u0111un m\u1edf r\u1ed9ng truy\u1ec1n th\u00f4ng RS485<\/h4>\n<p>Manufacturer: Siemens<br \/>\nSKU: 6ES7241-1CH32-0XB0<br \/>\nQuality: Brand new 100%<br \/>\nWarranty: Official manufacturer's warranty<br \/>\nDocuments: Certificate of Origin (CO), Certificate of Quality (CQ), VAT invoice<\/p>\n<div><strong>Additional services:<\/strong><br \/>\n\u2713\u00a0 Programming &amp; Customized Repairs of Siemens PLCs<br \/>\n\u2713 On-site Installation &amp; Operation<br \/>\n\u2713 Lifetime Technical Support<\/div>","protected":false},"featured_media":2633,"comment_status":"open","ping_status":"closed","template":"","meta":[],"product_cat":[61],"product_tag":[],"class_list":["post-2632","product","type-product","status-publish","has-post-thumbnail","hentry","product_cat-s7-1200"],"acf":[],"_links":{"self":[{"href":"https:\/\/thientanetc.com\/en\/wp-json\/wp\/v2\/product\/2632","targetHints":{"allow":["GET"]}}],"collection":[{"href":"https:\/\/thientanetc.com\/en\/wp-json\/wp\/v2\/product"}],"about":[{"href":"https:\/\/thientanetc.com\/en\/wp-json\/wp\/v2\/types\/product"}],"replies":[{"embeddable":true,"href":"https:\/\/thientanetc.com\/en\/wp-json\/wp\/v2\/comments?post=2632"}],"wp:featuredmedia":[{"embeddable":true,"href":"https:\/\/thientanetc.com\/en\/wp-json\/wp\/v2\/media\/2633"}],"wp:attachment":[{"href":"https:\/\/thientanetc.com\/en\/wp-json\/wp\/v2\/media?parent=2632"}],"wp:term":[{"taxonomy":"product_cat","embeddable":true,"href":"https:\/\/thientanetc.com\/en\/wp-json\/wp\/v2\/product_cat?post=2632"},{"taxonomy":"product_tag","embeddable":true,"href":"https:\/\/thientanetc.com\/en\/wp-json\/wp\/v2\/product_tag?post=2632"}],"curies":[{"name":"wp","href":"https:\/\/api.w.org\/{rel}","templated":true}]}}