{"id":2627,"date":"2023-03-23T15:08:23","date_gmt":"2023-03-23T08:08:23","guid":{"rendered":"https:\/\/thientanetc.com\/?post_type=product&#038;p=2627"},"modified":"2023-03-23T15:14:29","modified_gmt":"2023-03-23T08:14:29","slug":"sm-1231-4ai","status":"publish","type":"product","link":"https:\/\/thientanetc.com\/en\/product\/sm-1231-4ai\/","title":{"rendered":"SM 1231 4AI"},"content":{"rendered":"<p>M\u00f4 \u0111un 6ES7231-4HD32-0XB0 Siemens c\u00f3 \u0111i\u1ec7n \u00e1p cung c\u1ea5p 24VDC, l\u00e0 module \u0111\u1ea7u v\u00e0o t\u01b0\u01a1ng t\u1ef1 lo\u1ea1i SM 1231 ch\u1ee9c n\u0103ng \u0111a d\u1ea1ng. Thi\u1ebft b\u1ecb\u00a0<strong>6ES7231-4HD32-0XB0<\/strong>\u00a0Siemens x\u1eed l\u00fd t\u00edn hi\u1ec7u v\u1edbi +\/- 10 V, +\/- 5 V, +\/- 2.5 V ho\u1eb7c 0 (4) \u0111\u1ebfn 20 mA, \u1edf \u0111\u1ed9 ph\u00e2n gi\u1ea3i 12 bit + bit d\u1ea5u (ADC 13 bit). Chi ti\u1ebft \u0111\u01b0\u1ee3c th\u1ec3 hi\u1ec7n \u1edf b\u1ea3ng d\u01b0\u1edbi \u0111\u00e2y.<\/p>\n<h2><strong>Th\u00f4ng s\u1ed1 k\u1ef9 thu\u1eadt M\u00f4 \u0111un 6ES7231-4HD32-0XB0 Siemens<\/strong><\/h2>\n<table width=\"467\">\n<tbody>\n<tr>\n<td>\u00a0T\u00ean s\u1ea3n ph\u1ea9m<\/td>\n<td>\u00a0M\u00f4 \u0111un 6ES7231-4HD32-0XB0 Siemens<\/td>\n<\/tr>\n<tr>\n<td>\u00a0\u0110i\u1ec7n \u00e1p cung c\u1ea5p<\/td>\n<td>\u00a024VDC<\/td>\n<\/tr>\n<tr>\n<td>\u00a0Resolution<\/td>\n<td>\u00a00-2.5\/5\/10 V, 0\/4-20 mA 12 bit<\/td>\n<\/tr>\n<tr>\n<td>\u00a0Lo\u1ea1i<\/td>\n<td>\u00a0SM 1231<\/td>\n<\/tr>\n<tr>\n<td>\u00a0S\u1ed1 \u0111\u1ea7u v\u00e0o Analogue<\/td>\n<td>\u00a04<\/td>\n<\/tr>\n<tr>\n<td>\u00a0Thi\u1ebft k\u1ebf<\/td>\n<td>\u00a0Analogue input module<\/td>\n<\/tr>\n<tr>\n<td>\u00a0G\u1eafn k\u1ebft<\/td>\n<td>\u00a0Din-rail 35 mm<\/td>\n<\/tr>\n<tr>\n<td>\u00a0K\u1ebft n\u1ed1i<\/td>\n<td>\u00a0Thi\u1ebft b\u1ecb \u0111\u1ea7u cu\u1ed1i tr\u1ee5c v\u00edt<\/td>\n<\/tr>\n<tr>\n<td>\u00a0Dimensions<\/td>\n<td>\u00a045 x 100 x 75 mm<\/td>\n<\/tr>\n<tr>\n<td>\u00a0C\u1ea5p b\u1ea3o v\u1ec7<\/td>\n<td>\u00a0IP20<\/td>\n<\/tr>\n<tr>\n<td>Nhi\u1ec7t \u0111\u1ed9 ho\u1ea1t \u0111\u1ed9ng<\/td>\n<td>-20 \u00b0C \u0111\u1ebfn 60 \u00b0C<\/td>\n<\/tr>\n<tr>\n<td>\u00a0Manufacturer<\/td>\n<td>\u00a0: Siemens<\/td>\n<\/tr>\n<\/tbody>\n<\/table>\n<h3><strong>C\u00e1c ti\u00eau chu\u1ea9n M\u00f4 \u0111un 6ES7231-4HD32-0XB0 Siemens \u0111\u1ea1t \u0111\u01b0\u1ee3c<\/strong><\/h3>\n<p>&#8211; Thi\u1ebft b\u1ecb \u0111\u01b0\u1ee3c ch\u1ebf t\u1ea1o v\u00e0 s\u1ea3n xu\u1ea5t tu\u00e2n th\u1ee7 nghi\u00eam ng\u1eb7t c\u00e1c ti\u00eau chu\u1ea9n v\u1ec1 ch\u1ea5t l\u01b0\u1ee3ng.<br \/>\n&#8211; 6ES7231-4HD32-0XB0 Siemens \u0111\u1ea1t ti\u00eau chu\u1ea9n b\u1ea3o v\u1ec7 chu\u1ea9n qu\u1ed1c t\u1ebf IP20 v\u1eadn h\u00e0nh tr\u01a1n tru.<br \/>\n&#8211; \u0110\u1ea1t \u0111\u01b0\u1ee3c c\u00e1c ch\u1ee9ng nh\u1eadn CE, cULus, UL \u0111\u1ea3m b\u1ea3o an to\u00e0n khi s\u1eed d\u1ee5ng.<\/p>\n<h4><strong>\u0110\u1eb7c tr\u01b0ng n\u1ed5i b\u1eadt c\u1ee7a 6ES7231-4HD32-0XB0 Siemens<\/strong><\/h4>\n<p>&#8211; \u0110\u01b0\u1ee3c t\u00edch h\u1ee3p s\u1eb5n c\u1ed5ng truy\u1ec1n th\u00f4ng Profinet (Ethernet)<br \/>\n&#8211; S\u1eed d\u1ee5ng \u0111\u1ec3 k\u1ebft n\u1ed1i \u0111\u1ebfn c\u00e1c thi\u1ebft b\u1ecb kh\u00e1c c\u00f3 h\u1ed7 tr\u1ee3 chu\u1ea9n Ethernet m\u1edf.<br \/>\n&#8211; RJ45 l\u00e0 \u0111\u1ea7u n\u1ed1i c\u00f3 t\u00ednh n\u0103ng t\u1ef1 \u0111\u1ed9ng chuy\u1ec3n \u0111\u1ed5i \u0111\u1ea5u ch\u00e9o.<br \/>\n&#8211; H\u1ed7 tr\u1ee3 k\u1ebft n\u1ed1i 16 ethernet.<\/p>","protected":false},"excerpt":{"rendered":"<h1 class=\"product_title entry-title\"><span style=\"font-size: 75%;\">Module analog Siemens S7-1200 SM 1231 4AI<\/span><\/h1>\n<p>Manufacturer: Siemens<br \/>\nSKU: 6ES7231-4HD32-0XB0<br \/>\nQuality: Brand new 100%<br \/>\nWarranty: Official manufacturer's warranty<br \/>\nDocuments: Certificate of Origin (CO), Certificate of Quality (CQ), VAT invoice<\/p>\n<p><strong>Additional services:<\/strong><br \/>\n\u2713\u00a0 Programming &amp; Customized Repairs of Siemens PLCs<br \/>\n\u2713 On-site Installation &amp; Operation<br \/>\n\u2713 Lifetime Technical Support<\/p>","protected":false},"featured_media":2628,"comment_status":"open","ping_status":"closed","template":"","meta":[],"product_cat":[61],"product_tag":[],"class_list":["post-2627","product","type-product","status-publish","has-post-thumbnail","hentry","product_cat-s7-1200"],"acf":[],"_links":{"self":[{"href":"https:\/\/thientanetc.com\/en\/wp-json\/wp\/v2\/product\/2627","targetHints":{"allow":["GET"]}}],"collection":[{"href":"https:\/\/thientanetc.com\/en\/wp-json\/wp\/v2\/product"}],"about":[{"href":"https:\/\/thientanetc.com\/en\/wp-json\/wp\/v2\/types\/product"}],"replies":[{"embeddable":true,"href":"https:\/\/thientanetc.com\/en\/wp-json\/wp\/v2\/comments?post=2627"}],"wp:featuredmedia":[{"embeddable":true,"href":"https:\/\/thientanetc.com\/en\/wp-json\/wp\/v2\/media\/2628"}],"wp:attachment":[{"href":"https:\/\/thientanetc.com\/en\/wp-json\/wp\/v2\/media?parent=2627"}],"wp:term":[{"taxonomy":"product_cat","embeddable":true,"href":"https:\/\/thientanetc.com\/en\/wp-json\/wp\/v2\/product_cat?post=2627"},{"taxonomy":"product_tag","embeddable":true,"href":"https:\/\/thientanetc.com\/en\/wp-json\/wp\/v2\/product_tag?post=2627"}],"curies":[{"name":"wp","href":"https:\/\/api.w.org\/{rel}","templated":true}]}}