{"id":2551,"date":"2022-12-16T22:52:09","date_gmt":"2022-12-16T15:52:09","guid":{"rendered":"https:\/\/thientanetc.com\/?post_type=product&#038;p=2551"},"modified":"2022-12-16T23:00:13","modified_gmt":"2022-12-16T16:00:13","slug":"cong-tac-cach-ly-100a-3p-690v-sao-chep","status":"publish","type":"product","link":"https:\/\/thientanetc.com\/en\/product\/cong-tac-cach-ly-100a-3p-690v-sao-chep\/","title":{"rendered":"Isolation switch 100A 3P\/690V"},"content":{"rendered":"<p><span style=\"font-family: 'times new roman', times, serif; font-size: 120%; color: #000000;\"><strong>Isolator<\/strong>\u00a0c\u00f3 nhi\u1ec1u t\u00ean g\u1ecdi kh\u00e1c nhau nh\u01b0: c\u1ea7u dao c\u00e1ch ly, dao c\u00e1ch ly, c\u00f4ng t\u1eafc ngu\u1ed3n, h\u1ed9p c\u1ea7u dao c\u00e1ch ly&#8230; Isolator th\u01b0\u1eddng \u0111\u01b0\u1ee3c th\u1ea5y trong c\u00e1c b\u1ea3n v\u1ebd M&amp;E ho\u1eb7c c\u00e1c nh\u00e0 x\u01b0\u1edfng c\u00f3 nhi\u1ec1u m\u00e1y, d\u00e2y chuy\u1ec1n.<\/span><\/p>\n<p><span style=\"font-family: 'times new roman', times, serif; font-size: 120%; color: #000000;\">Isolators function as an ON-OFF switch, allowing the opening and closing of electrical circuits. They are capable of interrupting electrical currents ranging from several tens to nearly 2000A, whether it is DC (direct current) or AC (alternating current).<\/span><br \/>\n<span style=\"font-family: 'times new roman', times, serif; font-size: 120%; color: #000000;\"><u><strong>Applications:<\/strong><\/u>\u00a0l\u00e0m c\u1ea7u dao ng\u1eaft ngu\u1ed3n \u0111i\u1ec7n cho d\u00e0n l\u1ea1nh, \u0111\u1ed9ng c\u01a1, m\u00e1y b\u01a1m&#8230;\u0110\u01b0\u1ee3c l\u1eafp \u1edf ph\u00eda tr\u01b0\u1edbc \u0111\u1ed9ng c\u01a1 ho\u1eb7c trong t\u1ee7 \u0111i\u1ec7n, \u0111\u1ec3 ph\u1ee5c v\u1ee5 khi mu\u1ed1n b\u1ea3o d\u01b0\u1ee1ng, b\u1ea3o tr\u00ec h\u1ec7 th\u1ed1ng.<\/span><\/p>\n<p><span style=\"font-family: 'times new roman', times, serif; font-size: 120%; color: #000000;\">Based on their construction, isolators can be classified into two types: enclosed isolators and open isolators.<\/span><\/p>\n<p><span style=\"font-family: 'times new roman', times, serif; font-size: 120%; color: #000000;\">&#8211; Lo\u1ea1i kh\u00f4ng h\u1ed9p \u0111\u01b0\u1ee3c g\u1eafn l\u00ean dinrail, ho\u1eb7c m\u1eb7t t\u1ee7 trong t\u1ee7 \u0111i\u1ec7n, \u0111i k\u00e8m v\u1edbi b\u1ed9 KIT (g\u1ed3m tay v\u1eb7n g\u1eafn m\u1eb7t t\u1ee7 v\u00e0 thanh n\u1ed1i d\u00e0i)<\/span><\/p>\n<p><span style=\"font-family: 'times new roman', times, serif; font-size: 120%; color: #000000;\">&#8211; Lo\u1ea1i c\u00f3 h\u1ed9p \u0111\u01b0\u1ee3c g\u1eafn ph\u00eda tr\u01b0\u1edbc \u0111\u1ed9ng c\u01a1. V\u1ecf h\u1ed9p c\u1ea7u dao c\u00e1ch ly Isolator ph\u1ea3i \u0111\u01b0\u1ee3c thi\u1ebft k\u1ebf ch\u1eafc ch\u1eafn, \u0111\u1ee7 an to\u00e0n, v\u00ec \u0111\u00e2y l\u00e0 thi\u1ebft b\u1ecb \u0111\u00f3ng &#8211; ng\u1eaft \u0111i\u1ec7n d\u00f2ng l\u1edbn B\u1eb0NG TAY v\u00e0 th\u01b0\u1eddng ho\u1ea1t \u0111\u1ed9ng trong m\u00f4i tr\u01b0\u1eddng n\u00f3ng, \u1ea9m, nhi\u1ec1u b\u1ee5i ho\u1eb7c ngo\u00e0i tr\u1eddi. C\u00e1c ch\u1ea5t li\u1ec7u th\u01b0\u1eddng g\u1eb7p l\u00e0: nh\u1ef1a (Polycarbonate\/ABS), nh\u00f4m ho\u1eb7c th\u00e9p t\u1ea5m.<\/span><\/p>\n<p><span style=\"font-family: 'times new roman', times, serif; font-size: 120%; color: #000000;\">T\u00f9y theo y\u00eau c\u1ea7u s\u1eed d\u1ee5ng, \u0111\u1ed9 l\u1edbn d\u00f2ng \u0111i\u1ec7n c\u1ea7n \u0111\u00f3ng ng\u1eaft m\u00e0 ch\u1ea5t li\u1ec7u v\u1ecf h\u1ed9p s\u1ebd c\u00f3 th\u00eam nh\u1eefng y\u00eau c\u1ea7u kh\u00e1c nh\u01b0: ch\u1ed1ng nhi\u1ec5u, ch\u1ed1ng ch\u00e1y&#8230;<\/span><\/p>","protected":false},"excerpt":{"rendered":"<p>Isolators, also known by various other names such as disconnect switches, isolation switches, main switches, or isolating switches, are commonly found in M&amp;E (mechanical and electrical) drawings and industrial settings with multiple machines and production lines.<\/p>\n<p>Isolators function as an ON-OFF switch, allowing the opening and closing of electrical circuits. They are capable of interrupting electrical currents ranging from several tens to nearly 2000A, whether it is DC (direct current) or AC (alternating current).<\/p>","protected":false},"featured_media":2552,"comment_status":"open","ping_status":"closed","template":"","meta":[],"product_cat":[58],"product_tag":[],"class_list":["post-2551","product","type-product","status-publish","has-post-thumbnail","hentry","product_cat-isolator-va-box-trung-gian"],"acf":[],"_links":{"self":[{"href":"https:\/\/thientanetc.com\/en\/wp-json\/wp\/v2\/product\/2551","targetHints":{"allow":["GET"]}}],"collection":[{"href":"https:\/\/thientanetc.com\/en\/wp-json\/wp\/v2\/product"}],"about":[{"href":"https:\/\/thientanetc.com\/en\/wp-json\/wp\/v2\/types\/product"}],"replies":[{"embeddable":true,"href":"https:\/\/thientanetc.com\/en\/wp-json\/wp\/v2\/comments?post=2551"}],"wp:featuredmedia":[{"embeddable":true,"href":"https:\/\/thientanetc.com\/en\/wp-json\/wp\/v2\/media\/2552"}],"wp:attachment":[{"href":"https:\/\/thientanetc.com\/en\/wp-json\/wp\/v2\/media?parent=2551"}],"wp:term":[{"taxonomy":"product_cat","embeddable":true,"href":"https:\/\/thientanetc.com\/en\/wp-json\/wp\/v2\/product_cat?post=2551"},{"taxonomy":"product_tag","embeddable":true,"href":"https:\/\/thientanetc.com\/en\/wp-json\/wp\/v2\/product_tag?post=2551"}],"curies":[{"name":"wp","href":"https:\/\/api.w.org\/{rel}","templated":true}]}}