{"id":2536,"date":"2022-12-16T22:13:34","date_gmt":"2022-12-16T15:13:34","guid":{"rendered":"https:\/\/thientanetc.com\/?post_type=product&#038;p=2536"},"modified":"2022-12-16T22:24:34","modified_gmt":"2022-12-16T15:24:34","slug":"vo-nhua-abs-cach-dien-ip65","status":"publish","type":"product","link":"https:\/\/thientanetc.com\/en\/product\/vo-nhua-abs-cach-dien-ip65\/","title":{"rendered":"IP65 insulated transparent ABS plastic enclosure with a clear door"},"content":{"rendered":"<p>Europa intermediate box.<\/p>\n<p>Enhanced security lock.<\/p>\n<p>D\u1ec5 d\u00e0ng l\u1eafp \u0111\u1eb7t, t\u1ea5m l\u1eafp v\u00e0 gi\u00e1 \u0111\u1ee1 c\u1ed1 \u0111\u1ecbnh<\/p>","protected":false},"excerpt":{"rendered":"<p>Intermediate junction box, made of waterproof ABS plastic with a safety lock.<\/p>","protected":false},"featured_media":2537,"comment_status":"open","ping_status":"closed","template":"","meta":[],"product_cat":[58],"product_tag":[],"class_list":["post-2536","product","type-product","status-publish","has-post-thumbnail","hentry","product_cat-isolator-va-box-trung-gian"],"acf":[],"_links":{"self":[{"href":"https:\/\/thientanetc.com\/en\/wp-json\/wp\/v2\/product\/2536","targetHints":{"allow":["GET"]}}],"collection":[{"href":"https:\/\/thientanetc.com\/en\/wp-json\/wp\/v2\/product"}],"about":[{"href":"https:\/\/thientanetc.com\/en\/wp-json\/wp\/v2\/types\/product"}],"replies":[{"embeddable":true,"href":"https:\/\/thientanetc.com\/en\/wp-json\/wp\/v2\/comments?post=2536"}],"wp:featuredmedia":[{"embeddable":true,"href":"https:\/\/thientanetc.com\/en\/wp-json\/wp\/v2\/media\/2537"}],"wp:attachment":[{"href":"https:\/\/thientanetc.com\/en\/wp-json\/wp\/v2\/media?parent=2536"}],"wp:term":[{"taxonomy":"product_cat","embeddable":true,"href":"https:\/\/thientanetc.com\/en\/wp-json\/wp\/v2\/product_cat?post=2536"},{"taxonomy":"product_tag","embeddable":true,"href":"https:\/\/thientanetc.com\/en\/wp-json\/wp\/v2\/product_tag?post=2536"}],"curies":[{"name":"wp","href":"https:\/\/api.w.org\/{rel}","templated":true}]}}