{"id":2521,"date":"2022-12-16T15:42:24","date_gmt":"2022-12-16T08:42:24","guid":{"rendered":"https:\/\/thientanetc.com\/?post_type=product&#038;p=2521"},"modified":"2022-12-16T16:22:42","modified_gmt":"2022-12-16T09:22:42","slug":"simotics-1le1001-0ba23-3aa4","status":"publish","type":"product","link":"https:\/\/thientanetc.com\/en\/product\/simotics-1le1001-0ba23-3aa4\/","title":{"rendered":"SIMOTICS: 1LE1001-0BA23-3AA4"},"content":{"rendered":"<p><span style=\"color: #000000;\">Siemens Simotics 1LE1001-0BA23-3AA4<\/span><br \/>\n<span style=\"color: #000000;\">- Common small-capacity motors.<\/span><br \/>\n<span style=\"color: #000000;\">- Solid aluminum alloy casing design.<\/span><br \/>\n<span style=\"color: #000000;\">- Suitable for various applications.<\/span><br \/>\n<span style=\"color: #000000;\">\u2013 \u1ee8ng d\u1ee5ng : ng\u00e0nh c\u00f4ng nghi\u1ec7p \u00f4 t\u00f4, h\u1ec7 th\u1ed1ng truy\u1ec1n \u0111\u1ed9ng nh\u00e0 m\u00e1y, x\u00e2y d\u1ef1ng, &#8230;<\/span><br \/>\n<span style=\"color: #000000;\">\u2013 Meets quality standards.<\/span><br \/>\n<span style=\"color: #000000;\">- Brand: Siemens Simotics (Origin: EU).<\/span><\/p>","protected":false},"excerpt":{"rendered":"<p>Siemens standard motors are designed to meet European quality standards (IEC) and have a high lifespan of up to 40,000 hours of operation<\/p>","protected":false},"featured_media":2491,"comment_status":"open","ping_status":"closed","template":"","meta":[],"product_cat":[68],"product_tag":[],"class_list":["post-2521","product","type-product","status-publish","has-post-thumbnail","hentry","product_cat-dong-co-va-bom"],"acf":[],"_links":{"self":[{"href":"https:\/\/thientanetc.com\/en\/wp-json\/wp\/v2\/product\/2521","targetHints":{"allow":["GET"]}}],"collection":[{"href":"https:\/\/thientanetc.com\/en\/wp-json\/wp\/v2\/product"}],"about":[{"href":"https:\/\/thientanetc.com\/en\/wp-json\/wp\/v2\/types\/product"}],"replies":[{"embeddable":true,"href":"https:\/\/thientanetc.com\/en\/wp-json\/wp\/v2\/comments?post=2521"}],"wp:featuredmedia":[{"embeddable":true,"href":"https:\/\/thientanetc.com\/en\/wp-json\/wp\/v2\/media\/2491"}],"wp:attachment":[{"href":"https:\/\/thientanetc.com\/en\/wp-json\/wp\/v2\/media?parent=2521"}],"wp:term":[{"taxonomy":"product_cat","embeddable":true,"href":"https:\/\/thientanetc.com\/en\/wp-json\/wp\/v2\/product_cat?post=2521"},{"taxonomy":"product_tag","embeddable":true,"href":"https:\/\/thientanetc.com\/en\/wp-json\/wp\/v2\/product_tag?post=2521"}],"curies":[{"name":"wp","href":"https:\/\/api.w.org\/{rel}","templated":true}]}}