{"id":2493,"date":"2022-11-21T09:42:53","date_gmt":"2022-11-21T02:42:53","guid":{"rendered":"https:\/\/thientanetc.com\/?post_type=product&#038;p=2493"},"modified":"2022-11-26T08:39:02","modified_gmt":"2022-11-26T01:39:02","slug":"simotics-1le1092-1db42-1jk4","status":"publish","type":"product","link":"https:\/\/thientanetc.com\/en\/product\/simotics-1le1092-1db42-1jk4\/","title":{"rendered":"SIMOTICS: 1LE1092-1DB42-1JK4"},"content":{"rendered":"<p><span style=\"color: #000000;\">Siemens Simotics 1LE1092-1DB42-1JK4<\/span><br \/>\n<span style=\"color: #000000;\">- Common small-capacity motors.<\/span><br \/>\n<span style=\"color: #000000;\">- Solid aluminum alloy casing design.<\/span><br \/>\n<span style=\"color: #000000;\">- Suitable for various applications (both small and large).<\/span><br \/>\n<span style=\"color: #000000;\">\u2013 \u1ee8ng d\u1ee5ng : ng\u00e0nh c\u00f4ng nghi\u1ec7p \u00f4 t\u00f4, h\u1ec7 th\u1ed1ng truy\u1ec1n \u0111\u1ed9ng nh\u00e0 m\u00e1y, x\u00e2y d\u1ef1ng, &#8230;<\/span><br \/>\n<span style=\"color: #000000;\">\u2013 Meets quality standards.<\/span><br \/>\n<span style=\"color: #000000;\">- Brand: Siemens Simotics (Origin: EU).<\/span><\/p>","protected":false},"excerpt":{"rendered":"<p>In automated production lines and manufacturing plants, Siemens motors have always held a leading advantage due to the quality of their products, performance efficiency, and product lifespan.<\/p>","protected":false},"featured_media":2491,"comment_status":"open","ping_status":"closed","template":"","meta":[],"product_cat":[68],"product_tag":[],"class_list":["post-2493","product","type-product","status-publish","has-post-thumbnail","hentry","product_cat-dong-co-va-bom"],"acf":[],"_links":{"self":[{"href":"https:\/\/thientanetc.com\/en\/wp-json\/wp\/v2\/product\/2493","targetHints":{"allow":["GET"]}}],"collection":[{"href":"https:\/\/thientanetc.com\/en\/wp-json\/wp\/v2\/product"}],"about":[{"href":"https:\/\/thientanetc.com\/en\/wp-json\/wp\/v2\/types\/product"}],"replies":[{"embeddable":true,"href":"https:\/\/thientanetc.com\/en\/wp-json\/wp\/v2\/comments?post=2493"}],"wp:featuredmedia":[{"embeddable":true,"href":"https:\/\/thientanetc.com\/en\/wp-json\/wp\/v2\/media\/2491"}],"wp:attachment":[{"href":"https:\/\/thientanetc.com\/en\/wp-json\/wp\/v2\/media?parent=2493"}],"wp:term":[{"taxonomy":"product_cat","embeddable":true,"href":"https:\/\/thientanetc.com\/en\/wp-json\/wp\/v2\/product_cat?post=2493"},{"taxonomy":"product_tag","embeddable":true,"href":"https:\/\/thientanetc.com\/en\/wp-json\/wp\/v2\/product_tag?post=2493"}],"curies":[{"name":"wp","href":"https:\/\/api.w.org\/{rel}","templated":true}]}}