{"id":2486,"date":"2022-11-20T22:30:21","date_gmt":"2022-11-20T15:30:21","guid":{"rendered":"https:\/\/thientanetc.com\/?post_type=product&#038;p=2486"},"modified":"2023-03-23T15:16:50","modified_gmt":"2023-03-23T08:16:50","slug":"module-sm-1234-simatics-s7-1200","status":"publish","type":"product","link":"https:\/\/thientanetc.com\/en\/product\/module-sm-1234-simatics-s7-1200\/","title":{"rendered":"SM 1234 4AI\/2AQ"},"content":{"rendered":"<p><span style=\"color: #000000;\">Siemens Simatic 6ES7234-4HE32-0XB0: SM 1234 Simatics S7-1200<\/span><br \/>\n<span style=\"color: #000000;\">\u2013 Lo\u1ea1i m\u00f4 \u0111un k\u1ebft n\u1ed1i v\u00e0o \/ ra d\u1ea1ng analog<\/span><br \/>\n<span style=\"color: #000000;\">\u2013 Thi\u1ebft k\u1ebf \u0111\u01a1n gi\u1ea3n, g\u1ecdn nh\u1eb9, l\u1eafp \u0111\u1eb7t d\u1ec5 d\u00e0ng<\/span><br \/>\n<span style=\"color: #000000;\">- Suitable for various applications (both small and large).<\/span><br \/>\n<span style=\"color: #000000;\">\u2013 \u1ee8ng d\u1ee5ng : ng\u00e0nh c\u00f4ng nghi\u1ec7p \u00f4 t\u00f4, h\u1ec7 th\u1ed1ng kho t\u1ef1 \u0111\u1ed9ng, c\u1ea9u tr\u1ee5c , x\u00e2y d\u1ef1ng, &#8230;<\/span><br \/>\n<span style=\"color: #000000;\">\u2013 Th\u00edch \u1ee9ng linh ho\u1ea1t, \u0111\u00e1p \u1ee9ng t\u1ed1t cho h\u1ec7 th\u1ed1ng t\u1ef1 \u0111\u1ed9ng h\u00f3a<\/span><br \/>\n<span style=\"color: #000000;\">\u2013 CPU \u0111\u01b0\u1ee3c ph\u00e2n lo\u1ea1i chuy\u00ean bi\u1ec7t v\u00e0 r\u00f5 r\u00e0ng, t\u1ed1c \u0111\u1ed9 x\u1eed l\u00fd c\u1ee7a CPU cao<\/span><br \/>\n<span style=\"color: #000000;\">\u2013 Ph\u00f9 h\u1ee3p cho c\u1ea5u h\u00ecnh h\u1ec7 th\u1ed1ng trung t\u00e2m v\u00e0 tr\u1ea1m ph\u00e2n t\u00e1n<\/span><br \/>\n<span style=\"color: #000000;\">\u2013 \u0110\u1ed9 tin c\u1eady cao, ho\u1ea1t \u0111\u1ed9ng th\u00f4ng minh v\u00e0 hi\u1ec7u qu\u1ea3.<\/span><br \/>\n<span style=\"color: #000000;\">\u2013 C\u00e1c m\u00f4 \u0111un t\u00edn hi\u1ec7u th\u00e1o l\u1eafp d\u1ec5 d\u00e0ng ngay c\u1ea3 l\u00fac h\u1ec7 th\u1ed1ng c\u00f3 \u0111i\u1ec7n<\/span><br \/>\n<span style=\"color: #000000;\">\u2013 Thu\u1eadn ti\u1ec7n trong vi\u1ec7c thay th\u1ebf c\u00e1c m\u00f4 \u0111un<\/span><br \/>\n<span style=\"color: #000000;\">\u2013 Meets quality standards.<\/span><br \/>\n<span style=\"color: #000000;\">\u2013 Th\u01b0\u01a1ng hi\u1ec7u Siemens Simatic ( xu\u1ea5t x\u1ee9 : Trung Qu\u1ed1c )<\/span><\/p>","protected":false},"excerpt":{"rendered":"<p><span style=\"color: #000000;\">Trong c\u00e1c d\u1ef1 \u00e1n l\u1edbn, s\u1ed1 l\u01b0\u1ee3ng c\u00e1c \u0111\u1ea7u v\u00e0o\/ra d\u1ea1ng s\u1ed1 (digital) ho\u1eb7c d\u1ea1ng t\u01b0\u01a1ng t\u1ef1 (analog) c\u00f3 s\u1eb5n c\u1ee7a PLC th\u01b0\u1eddng s\u1ebd kh\u00f4ng \u0111\u00e1p \u1ee9ng \u0111\u01b0\u1ee3c to\u00e0n b\u1ed9 nhu c\u1ea7u. Khi \u0111\u00f3, ng\u01b0\u1eddi d\u00f9ng c\u1ea7n s\u1eed d\u1ee5ng th\u00eam c\u00e1c module t\u00edn hi\u1ec7u m\u1edf r\u1ed9ng.<\/span><\/p>","protected":false},"featured_media":2487,"comment_status":"open","ping_status":"closed","template":"","meta":[],"product_cat":[61],"product_tag":[],"class_list":["post-2486","product","type-product","status-publish","has-post-thumbnail","hentry","product_cat-s7-1200"],"acf":[],"_links":{"self":[{"href":"https:\/\/thientanetc.com\/en\/wp-json\/wp\/v2\/product\/2486","targetHints":{"allow":["GET"]}}],"collection":[{"href":"https:\/\/thientanetc.com\/en\/wp-json\/wp\/v2\/product"}],"about":[{"href":"https:\/\/thientanetc.com\/en\/wp-json\/wp\/v2\/types\/product"}],"replies":[{"embeddable":true,"href":"https:\/\/thientanetc.com\/en\/wp-json\/wp\/v2\/comments?post=2486"}],"wp:featuredmedia":[{"embeddable":true,"href":"https:\/\/thientanetc.com\/en\/wp-json\/wp\/v2\/media\/2487"}],"wp:attachment":[{"href":"https:\/\/thientanetc.com\/en\/wp-json\/wp\/v2\/media?parent=2486"}],"wp:term":[{"taxonomy":"product_cat","embeddable":true,"href":"https:\/\/thientanetc.com\/en\/wp-json\/wp\/v2\/product_cat?post=2486"},{"taxonomy":"product_tag","embeddable":true,"href":"https:\/\/thientanetc.com\/en\/wp-json\/wp\/v2\/product_tag?post=2486"}],"curies":[{"name":"wp","href":"https:\/\/api.w.org\/{rel}","templated":true}]}}