{"id":2359,"date":"2022-10-31T00:53:46","date_gmt":"2022-10-30T17:53:46","guid":{"rendered":"https:\/\/thientan.sagomedia.vn\/?post_type=product&#038;p=2359"},"modified":"2022-10-31T11:57:33","modified_gmt":"2022-10-31T04:57:33","slug":"bien-tan-seimens-sinamics-g130","status":"publish","type":"product","link":"https:\/\/thientanetc.com\/en\/product\/bien-tan-seimens-sinamics-g130\/","title":{"rendered":"SINAMICS G130"},"content":{"rendered":"<p><span style=\"color: #000000;\"><strong>The SINAMICS G130 Inverter is designed for controlling speed-changing applications in mechanical engineering and factory construction. It is designed in a modular form, comprising separate Power Module and Control Unit (CU320-2), facilitating easy replacement and cost savings. <\/strong><\/span><span style=\"color: #000000;\"><strong>Bi\u1ebfn t\u1ea7n \u0111\u01b0\u1ee3c thi\u1ebft k\u1ebf \u0111\u1eb7c bi\u1ec7t \u0111\u1ec3 \u0111\u00e1p \u1ee9ng c\u00e1c y\u00eau c\u1ea7u c\u00f3 \u0111\u1eb7c t\u00ednh t\u1ea3i kh\u00f4ng \u0111\u1ed5i v\u00e0 d\u1ea1ng s\u00f3ng vu\u00f4ng, v\u1edbi c\u00e1c y\u00eau c\u1ea7u c\u1ea7n hi\u1ec7u su\u1ea5t trung b\u00ecnh v\u00e0 kh\u00f4ng c\u00f3 kh\u1ea3 n\u0103ng t\u00e1i sinh.<\/strong><\/span><\/p>\n<p><span style=\"color: #000000;\">The control accuracy of the open-loop vector control method is suitable for most applications, which means that encoder feedback is not required.<\/span><\/p>\n<p><span style=\"color: #000000;\">However, the SINAMICS G130 drive also offers options with feedback encoders to handle closed-loop control applications depending on specific system requirements.<\/span><\/p>\n<p><span style=\"color: #000000;\">It can easily integrate with automation solutions using PROFIBUS or PROFINET communication networks and digital signals with analog signals.<\/span><\/p>\n<p><span style=\"color: #000000;\">SINAMICS G130 provides an economically viable drive solution that caters to specific customer requirements by offering a wide range of product variants to choose from.<\/span><\/p>\n<p><span style=\"color: #000000;\">Places where solids, liquids, or gases need to be transported, pumped, or compressed will greatly benefit from using variable frequency drives for speed control.<\/span><\/p>\n<p><span style=\"color: #000000;\">Here are some of the most common applications:<\/span><\/p>\n<p><span style=\"color: #000000;\">&#8211; B\u01a1m v\u00e0 qu\u1ea1t.<\/span><\/p>\n<p><span style=\"color: #000000;\">&#8211; M\u00e1y n\u00e9n kh\u00ed<\/span><\/p>\n<p><span style=\"color: #000000;\">&#8211; M\u00e1y \u0111\u00f9n v\u00e0 m\u00e1y tr\u1ed9n<\/span><\/p>\n<p><span style=\"color: #000000;\">&#8211; M\u00e1y nghi\u1ec1n.<\/span><\/p>","protected":false},"excerpt":{"rendered":"<p><span style=\"color: #000000;\">SINAMICS is Siemens' brand of inverter (Siemens being a leading manufacturer in electric drive technology). With SINAMICS frequency conversion technology, you can utilize it for various applications - low voltage, medium voltage, or DC. It can be used to control both synchronous motors and induction motors, depending on the machine's characteristics.<\/span><\/p>\n<p><span style=\"color: #000000;\">The frequency converter (also known as\u00a0<strong><a style=\"color: #000000;\" href=\"https:\/\/mesidas.com\/vfd-bien-tan-la-gi\/\" target=\"_blank\" rel=\"noopener noreferrer\">Inverter or VFD)<\/a><\/strong>by Siemens integrates safety technology and can be used in centralized systems and operated within control cabinets, wall-mounted installations, or used in distributed systems. Siemens provides energy-efficient and optimized frequency converter units for each application (such as pumps, ventilation systems, motion control, position control, or machining machines, etc.).<\/span><\/p>","protected":false},"featured_media":2360,"comment_status":"open","ping_status":"closed","template":"","meta":[],"product_cat":[28],"product_tag":[],"class_list":["post-2359","product","type-product","status-publish","has-post-thumbnail","hentry","product_cat-bien-tan-dc"],"acf":[],"_links":{"self":[{"href":"https:\/\/thientanetc.com\/en\/wp-json\/wp\/v2\/product\/2359","targetHints":{"allow":["GET"]}}],"collection":[{"href":"https:\/\/thientanetc.com\/en\/wp-json\/wp\/v2\/product"}],"about":[{"href":"https:\/\/thientanetc.com\/en\/wp-json\/wp\/v2\/types\/product"}],"replies":[{"embeddable":true,"href":"https:\/\/thientanetc.com\/en\/wp-json\/wp\/v2\/comments?post=2359"}],"wp:featuredmedia":[{"embeddable":true,"href":"https:\/\/thientanetc.com\/en\/wp-json\/wp\/v2\/media\/2360"}],"wp:attachment":[{"href":"https:\/\/thientanetc.com\/en\/wp-json\/wp\/v2\/media?parent=2359"}],"wp:term":[{"taxonomy":"product_cat","embeddable":true,"href":"https:\/\/thientanetc.com\/en\/wp-json\/wp\/v2\/product_cat?post=2359"},{"taxonomy":"product_tag","embeddable":true,"href":"https:\/\/thientanetc.com\/en\/wp-json\/wp\/v2\/product_tag?post=2359"}],"curies":[{"name":"wp","href":"https:\/\/api.w.org\/{rel}","templated":true}]}}