{"id":2201,"date":"2022-10-27T15:46:56","date_gmt":"2022-10-27T08:46:56","guid":{"rendered":"https:\/\/thientan.sagomedia.vn\/?post_type=product&#038;p=2201"},"modified":"2023-06-10T11:52:43","modified_gmt":"2023-06-10T04:52:43","slug":"thiet-bi-do-muc-nuoc-sieu-am-sitrans-probe-lu240","status":"publish","type":"product","link":"https:\/\/thientanetc.com\/en\/product\/thiet-bi-do-muc-nuoc-sieu-am-sitrans-probe-lu240\/","title":{"rendered":"The ultrasonic level measuring device SITRANS Probe LU240"},"content":{"rendered":"<p>SITRANS Probe LU240 l\u00e0 m\u1ed9t thi\u1ebft b\u1ecb \u0111o m\u1ee9c n\u01b0\u1edbc si\u00eau \u00e2m \u0111\u01b0\u1ee3c s\u1eed d\u1ee5ng \u0111\u1ec3 \u0111o \u0111\u1ea1c m\u1ee9c n\u01b0\u1edbc trong c\u00e1c \u1ee9ng d\u1ee5ng c\u00f4ng nghi\u1ec7p. \u0110\u01b0\u1ee3c ph\u00e1t tri\u1ec3n b\u1edfi Siemens, n\u00f3 cung c\u1ea5p c\u00e1c t\u00ednh n\u0103ng v\u00e0 ch\u1ee9c n\u0103ng ti\u00ean ti\u1ebfn \u0111\u1ec3 \u0111o l\u01b0\u1eddng ch\u00ednh x\u00e1c m\u1ee9c n\u01b0\u1edbc trong c\u00e1c b\u1ec3 ch\u1ee9a, ao h\u1ed3, v\u00e0 c\u00e1c \u1ee9ng d\u1ee5ng kh\u00e1c.<\/p>\n<p>Thi\u1ebft b\u1ecb n\u00e0y ho\u1ea1t \u0111\u1ed9ng d\u1ef1a tr\u00ean nguy\u00ean l\u00fd ph\u00e1t hi\u1ec7n s\u00f3ng si\u00eau \u00e2m. N\u00f3 g\u1eedi t\u00edn hi\u1ec7u s\u00f3ng si\u00eau \u00e2m xu\u1ed1ng m\u1eb7t n\u01b0\u1edbc v\u00e0 sau \u0111\u00f3 \u0111o th\u1eddi gian m\u00e0 s\u00f3ng tr\u1ea3 v\u1ec1 sau khi ch\u1ea1m v\u00e0o m\u1eb7t n\u01b0\u1edbc. D\u1ef1a tr\u00ean th\u1eddi gian n\u00e0y, thi\u1ebft b\u1ecb t\u00ednh to\u00e1n v\u00e0 hi\u1ec3n th\u1ecb m\u1ee9c n\u01b0\u1edbc t\u01b0\u01a1ng \u1ee9ng.<\/p>\n<p>SITRANS Probe LU240 c\u00f3 m\u1ed9t s\u1ed1 \u0111\u1eb7c \u0111i\u1ec3m n\u1ed5i b\u1eadt bao g\u1ed3m:<\/p>\n<ol>\n<li>\u0110o l\u01b0\u1eddng ch\u00ednh x\u00e1c: Thi\u1ebft b\u1ecb n\u00e0y s\u1eed d\u1ee5ng c\u00f4ng ngh\u1ec7 x\u1eed l\u00fd t\u00edn hi\u1ec7u ti\u00ean ti\u1ebfn \u0111\u1ec3 \u0111\u1ea3m b\u1ea3o \u0111\u1ed9 ch\u00ednh x\u00e1c cao trong vi\u1ec7c \u0111o m\u1ee9c n\u01b0\u1edbc.<\/li>\n<li>Kho\u1ea3ng \u0111o r\u1ed9ng: N\u00f3 c\u00f3 kh\u1ea3 n\u0103ng \u0111o t\u1eeb m\u1ee9c n\u01b0\u1edbc th\u1ea5p \u0111\u1ebfn m\u1ee9c n\u01b0\u1edbc cao, \u0111\u00e1p \u1ee9ng \u0111\u01b0\u1ee3c c\u00e1c y\u00eau c\u1ea7u \u0111o l\u01b0\u1eddng trong nhi\u1ec1u \u1ee9ng d\u1ee5ng kh\u00e1c nhau.<\/li>\n<li>Giao ti\u1ebfp linh ho\u1ea1t: Thi\u1ebft b\u1ecb h\u1ed7 tr\u1ee3 c\u00e1c giao th\u1ee9c giao ti\u1ebfp nh\u01b0 HART, Modbus RTU, Profibus PA v\u00e0 Foundation Fieldbus, cho ph\u00e9p k\u1ebft n\u1ed1i v\u00e0 truy\u1ec1n th\u00f4ng d\u1ec5 d\u00e0ng v\u1edbi c\u00e1c h\u1ec7 th\u1ed1ng ki\u1ec3m so\u00e1t v\u00e0 gi\u00e1m s\u00e1t.<\/li>\n<li>Kh\u1ea3 n\u0103ng ch\u1ed1ng n\u01b0\u1edbc v\u00e0 ch\u1ed1ng b\u1ee5i: V\u1edbi \u0111\u1ed9 b\u1ea3o v\u1ec7 IP68\/IP69k, thi\u1ebft b\u1ecb c\u00f3 kh\u1ea3 n\u0103ng ch\u1ecbu n\u01b0\u1edbc v\u00e0 ch\u1ed1ng b\u1ee5i m\u1ea1nh, ph\u00f9 h\u1ee3p v\u1edbi m\u00f4i tr\u01b0\u1eddng c\u00f4ng nghi\u1ec7p kh\u1eafc nghi\u1ec7t.<\/li>\n<li>D\u1ec5 d\u00e0ng l\u1eafp \u0111\u1eb7t v\u00e0 v\u1eadn h\u00e0nh: Thi\u1ebft b\u1ecb \u0111\u01b0\u1ee3c thi\u1ebft k\u1ebf d\u1ec5 d\u00e0ng l\u1eafp \u0111\u1eb7t v\u00e0 c\u1ea5u h\u00ecnh th\u00f4ng qua giao di\u1ec7n ng\u01b0\u1eddi d\u00f9ng th\u00e2n thi\u1ec7n.<\/li>\n<\/ol>\n<p>SITRANS Probe LU240 l\u00e0 m\u1ed9t thi\u1ebft b\u1ecb \u0111o m\u1ee9c n\u01b0\u1edbc si\u00eau \u00e2m \u0111\u00e1ng tin c\u1eady v\u00e0 ti\u00ean ti\u1ebfn, \u0111\u01b0\u1ee3c s\u1eed d\u1ee5ng r\u1ed9ng r\u00e3i trong c\u00e1c ng\u00e0nh c\u00f4ng nghi\u1ec7p nh\u01b0 n\u01b0\u1edbc v\u00e0 n\u01b0\u1edbc th\u1ea3i, d\u1ea7u v\u00e0 kh\u00ed, v\u00e0 ng\u00e0nh c\u00f4ng nghi\u1ec7p quy tr\u00ecnh kh\u00e1c \u0111\u1ec3 \u0111o l\u01b0\u1eddng v\u00e0 ki\u1ec3m so\u00e1t m\u1ee9c n\u01b0\u1edbc hi\u1ec7u qu\u1ea3.<\/p>","protected":false},"excerpt":{"rendered":"<p>SITRANS Probe LU240 l\u00e0 m\u1ed9t thi\u1ebft b\u1ecb \u0111o m\u1ee9c n\u01b0\u1edbc si\u00eau \u00e2m \u0111\u01b0\u1ee3c s\u1eed d\u1ee5ng \u0111\u1ec3 \u0111o \u0111\u1ea1c m\u1ee9c n\u01b0\u1edbc trong c\u00e1c \u1ee9ng d\u1ee5ng c\u00f4ng nghi\u1ec7p. \u0110\u01b0\u1ee3c ph\u00e1t tri\u1ec3n b\u1edfi Siemens, n\u00f3 cung c\u1ea5p c\u00e1c t\u00ednh n\u0103ng v\u00e0 ch\u1ee9c n\u0103ng ti\u00ean ti\u1ebfn \u0111\u1ec3 \u0111o l\u01b0\u1eddng ch\u00ednh x\u00e1c m\u1ee9c n\u01b0\u1edbc trong c\u00e1c b\u1ec3 ch\u1ee9a, ao h\u1ed3, v\u00e0 c\u00e1c \u1ee9ng d\u1ee5ng kh\u00e1c.<\/p>\n<p>Thi\u1ebft b\u1ecb n\u00e0y ho\u1ea1t \u0111\u1ed9ng d\u1ef1a tr\u00ean nguy\u00ean l\u00fd ph\u00e1t hi\u1ec7n s\u00f3ng si\u00eau \u00e2m. N\u00f3 g\u1eedi t\u00edn hi\u1ec7u s\u00f3ng si\u00eau \u00e2m xu\u1ed1ng m\u1eb7t n\u01b0\u1edbc v\u00e0 sau \u0111\u00f3 \u0111o th\u1eddi gian m\u00e0 s\u00f3ng tr\u1ea3 v\u1ec1 sau khi ch\u1ea1m v\u00e0o m\u1eb7t n\u01b0\u1edbc. D\u1ef1a tr\u00ean th\u1eddi gian n\u00e0y, thi\u1ebft b\u1ecb t\u00ednh to\u00e1n v\u00e0 hi\u1ec3n th\u1ecb m\u1ee9c n\u01b0\u1edbc t\u01b0\u01a1ng \u1ee9ng.<\/p>","protected":false},"featured_media":3069,"comment_status":"open","ping_status":"closed","template":"","meta":[],"product_cat":[86],"product_tag":[],"class_list":["post-2201","product","type-product","status-publish","has-post-thumbnail","hentry","product_cat-level-sensor"],"acf":[],"_links":{"self":[{"href":"https:\/\/thientanetc.com\/en\/wp-json\/wp\/v2\/product\/2201","targetHints":{"allow":["GET"]}}],"collection":[{"href":"https:\/\/thientanetc.com\/en\/wp-json\/wp\/v2\/product"}],"about":[{"href":"https:\/\/thientanetc.com\/en\/wp-json\/wp\/v2\/types\/product"}],"replies":[{"embeddable":true,"href":"https:\/\/thientanetc.com\/en\/wp-json\/wp\/v2\/comments?post=2201"}],"wp:featuredmedia":[{"embeddable":true,"href":"https:\/\/thientanetc.com\/en\/wp-json\/wp\/v2\/media\/3069"}],"wp:attachment":[{"href":"https:\/\/thientanetc.com\/en\/wp-json\/wp\/v2\/media?parent=2201"}],"wp:term":[{"taxonomy":"product_cat","embeddable":true,"href":"https:\/\/thientanetc.com\/en\/wp-json\/wp\/v2\/product_cat?post=2201"},{"taxonomy":"product_tag","embeddable":true,"href":"https:\/\/thientanetc.com\/en\/wp-json\/wp\/v2\/product_tag?post=2201"}],"curies":[{"name":"wp","href":"https:\/\/api.w.org\/{rel}","templated":true}]}}