{"id":2180,"date":"2022-10-27T11:33:50","date_gmt":"2022-10-27T04:33:50","guid":{"rendered":"https:\/\/thientan.sagomedia.vn\/?post_type=product&#038;p=2180"},"modified":"2022-10-30T12:12:06","modified_gmt":"2022-10-30T05:12:06","slug":"cpu-315f-2dp-simatics-s7-300","status":"publish","type":"product","link":"https:\/\/thientanetc.com\/en\/product\/cpu-315f-2dp-simatics-s7-300\/","title":{"rendered":"CPU 315F-2DP"},"content":{"rendered":"<p>Siemens Simatic 6ES7315-6FF04-0AB0 :<br \/>\n\u2013 Thi\u1ebft k\u1ebf theo ki\u1ec3u m\u00f4 \u0111un, \u0111\u01a1n gi\u1ea3n, g\u1ecdn nh\u1eb9<br \/>\n- Suitable for various applications.<br \/>\n\u2013 C\u1ea5u tr\u00fac module s\u1eafp x\u1ebfp tr\u00ean c\u00e1c thanh rack.<br \/>\n\u2013 Th\u01b0\u1eddng \u0111\u01b0\u1ee3c s\u1eed d\u1ee5ng cho c\u00e1c \u1ee9ng d\u1ee5ng v\u1eeba v\u00e0 l\u1edbn.<br \/>\n\u2013 Ch\u1ec9 b\u00e1o tr\u1ea1ng th\u00e1i t\u00edn hi\u1ec7u \u0111\u1ea7u v\u00e0o LED d\u1ec5 quan s\u00e1t.<br \/>\n\u2013 K\u00edch th\u01b0\u1edbc thi\u1ebft k\u1ebf module nh\u1ecf g\u1ecdn d\u1ec5 l\u1eafp \u0111\u1eb7t ti\u1ebft ki\u1ec7m di\u1ec7n t\u00edch<br \/>\n\u2013 C\u1ea5u h\u00ecnh t\u00edn hi\u1ec7u Analog linh ho\u1ea1t, \u0111\u01a1n gi\u1ea3n.<br \/>\n\u2013 \u0110\u1ed9 tin c\u1eady cao, ho\u1ea1t \u0111\u1ed9ng th\u00f4ng minh v\u00e0 hi\u1ec7u qu\u1ea3.<br \/>\n\u2013 T\u1ed1c \u0111\u1ed9 x\u1eed l\u00fd ho\u1ea1t \u0111\u1ed9ng nhanh ch\u00f3ng<br \/>\n\u2013 Ti\u00eau chu\u1ea9n IEC 61508, ISO13849<br \/>\n- Brand Siemens Simatic (origin: Germany)<\/p>","protected":false},"excerpt":{"rendered":"<p>PLC S7-300 l\u00e0 1 d\u00f2ng PLC m\u1ea1nh c\u1ee7a Siemens, S7-300 ph\u00f9 h\u1ee3p cho c\u00e1c \u1ee9ng d\u1ee5ng l\u1edbn v\u00e0 v\u1eeba v\u1edbi c\u00e1c y\u00eau c\u1ea7u cao v\u1ec1 c\u00e1c ch\u1ee9c n\u0103ng \u0111\u1eb7c bi\u1ec7t nh\u01b0 truy\u1ec1n th\u00f4ng m\u1ea1ng c\u00f4ng nghi\u1ec7p, ch\u1ee9c n\u0103ng c\u00f4ng ngh\u1ec7, v\u00e0 c\u00e1c ch\u1ee9c n\u0103ng an to\u00e0n y\u00eau c\u1ea7u \u0111\u1ed9 tin c\u1eady cao. PLC S7-300 l\u00e0 thi\u1ebft b\u1ecb \u0111i\u1ec1u khi\u1ec3n logic kh\u1ea3 tr\u00ecnh c\u1ee1 trung b\u00ecnh. Thi\u1ebft k\u1ebf d\u1ef1a tr\u00ean t\u00ednh ch\u1ea5t c\u1ee7a PLC S7-200 v\u00e0 b\u1ed5 sung c\u00e1c t\u00ednh n\u0103ng m\u1edbi. K\u1ebft c\u1ea5u theo ki\u1ec3u c\u00e1c module s\u1eafp x\u1ebfp tr\u00ean c\u00e1c thanh rack.<\/p>","protected":false},"featured_media":2181,"comment_status":"open","ping_status":"closed","template":"","meta":[],"product_cat":[63],"product_tag":[],"class_list":["post-2180","product","type-product","status-publish","has-post-thumbnail","hentry","product_cat-s7-300"],"acf":[],"_links":{"self":[{"href":"https:\/\/thientanetc.com\/en\/wp-json\/wp\/v2\/product\/2180","targetHints":{"allow":["GET"]}}],"collection":[{"href":"https:\/\/thientanetc.com\/en\/wp-json\/wp\/v2\/product"}],"about":[{"href":"https:\/\/thientanetc.com\/en\/wp-json\/wp\/v2\/types\/product"}],"replies":[{"embeddable":true,"href":"https:\/\/thientanetc.com\/en\/wp-json\/wp\/v2\/comments?post=2180"}],"wp:featuredmedia":[{"embeddable":true,"href":"https:\/\/thientanetc.com\/en\/wp-json\/wp\/v2\/media\/2181"}],"wp:attachment":[{"href":"https:\/\/thientanetc.com\/en\/wp-json\/wp\/v2\/media?parent=2180"}],"wp:term":[{"taxonomy":"product_cat","embeddable":true,"href":"https:\/\/thientanetc.com\/en\/wp-json\/wp\/v2\/product_cat?post=2180"},{"taxonomy":"product_tag","embeddable":true,"href":"https:\/\/thientanetc.com\/en\/wp-json\/wp\/v2\/product_tag?post=2180"}],"curies":[{"name":"wp","href":"https:\/\/api.w.org\/{rel}","templated":true}]}}