{"id":2155,"date":"2022-10-27T00:36:44","date_gmt":"2022-10-26T17:36:44","guid":{"rendered":"https:\/\/thientan.sagomedia.vn\/?post_type=product&#038;p=2155"},"modified":"2022-10-31T15:25:16","modified_gmt":"2022-10-31T08:25:16","slug":"cpu-1217c-simatics-s7-1200","status":"publish","type":"product","link":"https:\/\/thientanetc.com\/en\/product\/cpu-1217c-simatics-s7-1200\/","title":{"rendered":"CPU 1217C"},"content":{"rendered":"<p>Siemens Simatic 6ES7217-1AG40-0XB0 : B\u1ed9 l\u1eadp tr\u00ecnh \u0111i\u1ec1u khi\u1ec3n CPU 1217C Simatics S7-1200<br \/>\n\u2013 Thi\u1ebft k\u1ebf \u0111\u01a1n gi\u1ea3n, g\u1ecdn nh\u1eb9, l\u1eafp \u0111\u1eb7t d\u1ec5 d\u00e0ng, c\u1ea5u h\u00ecnh linh ho\u1ea1t<br \/>\n\u2013 \u1ee8ng d\u1ee5ng : h\u1ec7 th\u1ed1ng b\u0103ng t\u1ea3i, \u0111i\u1ec1u khi\u1ec3n chi\u1ebfu s\u00e1ng, \u0111i\u1ec1u khi\u1ec3n b\u01a1m cao \u00e1p &#8230;<br \/>\n\u2013 Th\u00edch \u1ee9ng linh ho\u1ea1t, gi\u1ea3i ph\u00e1p ho\u00e0n h\u1ea3o cho h\u1ec7 th\u1ed1ng t\u1ef1 \u0111\u1ed9ng h\u00f3a<br \/>\n\u2013 CPU \u0111\u01b0\u1ee3c ph\u00e2n lo\u1ea1i chuy\u00ean bi\u1ec7t v\u00e0 r\u00f5 r\u00e0ng, t\u1ed1c \u0111\u1ed9 x\u1eed l\u00fd c\u1ee7a CPU cao<br \/>\n\u2013 Ph\u00f9 h\u1ee3p cho c\u1ea5u h\u00ecnh h\u1ec7 th\u1ed1ng trung t\u00e2m v\u00e0 tr\u1ea1m ph\u00e2n t\u00e1n<br \/>\n\u2013 \u0110\u1ed9 tin c\u1eady cao, ho\u1ea1t \u0111\u1ed9ng th\u00f4ng minh v\u00e0 hi\u1ec7u qu\u1ea3.<br \/>\n\u2013 C\u00e1c m\u00f4 \u0111un t\u00edn hi\u1ec7u th\u00e1o l\u1eafp d\u1ec5 d\u00e0ng ngay c\u1ea3 l\u00fac h\u1ec7 th\u1ed1ng c\u00f3 \u0111i\u1ec7n<br \/>\n\u2013 Thu\u1eadn ti\u1ec7n trong vi\u1ec7c thay th\u1ebf c\u00e1c m\u00f4 \u0111un<br \/>\n\u2013 Meets quality standards.<br \/>\n\u2013 Th\u01b0\u01a1ng hi\u1ec7u Siemens Simatic ( xu\u1ea5t x\u1ee9 : Trung Qu\u1ed1c )<\/p>","protected":false},"excerpt":{"rendered":"<p>B\u1ed9 \u0111i\u1ec1u khi\u1ec3n l\u1eadp tr\u00ecnh SIMATIC S7-1200 l\u00e0 s\u1ef1 l\u1ef1a ch\u1ecdn th\u00f4ng minh cho c\u00e1c gi\u1ea3i ph\u00e1p t\u1ef1 \u0111\u1ed9ng h\u00f3a nh\u1ecf g\u1ecdn \u0111\u01b0\u1ee3c t\u00edch h\u1ee3p c\u00e1c ng\u00f5 v\u00e0o ra I\/O, ch\u1ee9c n\u0103ng giao ti\u1ebfp v\u00e0 ch\u1ee9c n\u0103ng c\u00f4ng ngh\u1ec7 cho c\u00e1c t\u00e1c v\u1ee5 t\u1ef1 \u0111\u1ed9ng h\u00f3a trong ph\u1ea1m vi hi\u1ec7u su\u1ea5t t\u1eeb th\u1ea5p \u0111\u1ebfn trung b\u00ecnh. C\u00f3 2 phi\u00ean b\u1ea3n l\u00e0 ti\u00eau chu\u1ea9n v\u00e0 Fail-safe.<\/p>","protected":false},"featured_media":2200,"comment_status":"open","ping_status":"closed","template":"","meta":[],"product_cat":[61],"product_tag":[],"class_list":["post-2155","product","type-product","status-publish","has-post-thumbnail","hentry","product_cat-s7-1200"],"acf":[],"_links":{"self":[{"href":"https:\/\/thientanetc.com\/en\/wp-json\/wp\/v2\/product\/2155","targetHints":{"allow":["GET"]}}],"collection":[{"href":"https:\/\/thientanetc.com\/en\/wp-json\/wp\/v2\/product"}],"about":[{"href":"https:\/\/thientanetc.com\/en\/wp-json\/wp\/v2\/types\/product"}],"replies":[{"embeddable":true,"href":"https:\/\/thientanetc.com\/en\/wp-json\/wp\/v2\/comments?post=2155"}],"wp:featuredmedia":[{"embeddable":true,"href":"https:\/\/thientanetc.com\/en\/wp-json\/wp\/v2\/media\/2200"}],"wp:attachment":[{"href":"https:\/\/thientanetc.com\/en\/wp-json\/wp\/v2\/media?parent=2155"}],"wp:term":[{"taxonomy":"product_cat","embeddable":true,"href":"https:\/\/thientanetc.com\/en\/wp-json\/wp\/v2\/product_cat?post=2155"},{"taxonomy":"product_tag","embeddable":true,"href":"https:\/\/thientanetc.com\/en\/wp-json\/wp\/v2\/product_tag?post=2155"}],"curies":[{"name":"wp","href":"https:\/\/api.w.org\/{rel}","templated":true}]}}