{"id":3,"date":"2022-07-05T07:31:30","date_gmt":"2022-07-05T07:31:30","guid":{"rendered":"https:\/\/thientan.sagomedia.vn\/?page_id=3"},"modified":"2023-06-05T13:20:19","modified_gmt":"2023-06-05T06:20:19","slug":"chinh-sach-bao-mat","status":"publish","type":"page","link":"https:\/\/thientanetc.com\/en\/chinh-sach-bao-mat\/","title":{"rendered":"Privacy Policy"},"content":{"rendered":"<p>Tr\u01b0\u1edbc h\u1ebft, ch\u00fang t\u00f4i xin ch\u00e2n th\u00e0nh c\u1ea3m \u01a1n qu\u00fd kh\u00e1ch h\u00e0ng \u0111\u00e3 tin t\u01b0\u1edfng v\u00e0 s\u1eed d\u1ee5ng d\u1ecbch v\u1ee5 c\u1ee7a ch\u00fang t\u00f4i. Ch\u00fang t\u00f4i hi\u1ec3u r\u1eb1ng vi\u1ec7c b\u1ea3o v\u1ec7 th\u00f4ng tin c\u00e1 nh\u00e2n c\u1ee7a qu\u00fd kh\u00e1ch h\u00e0ng l\u00e0 m\u1ed9t nhi\u1ec7m v\u1ee5 c\u1ef1c k\u1ef3 quan tr\u1ecdng. V\u00ec v\u1eady, ch\u00fang t\u00f4i \u0111\u00e3 v\u00e0 \u0111ang \u00e1p d\u1ee5ng c\u00e1c bi\u1ec7n ph\u00e1p \u0111\u1ea3m b\u1ea3o \u0111\u1ec3 b\u1ea3o v\u1ec7 th\u00f4ng tin c\u00e1 nh\u00e2n c\u1ee7a qu\u00fd kh\u00e1ch h\u00e0ng.<\/p>\n<ol>\n<li>\n<p>Th\u00f4ng tin c\u00e1 nh\u00e2n: Ch\u00fang t\u00f4i ch\u1ec9 thu th\u1eadp nh\u1eefng th\u00f4ng tin c\u1ea7n thi\u1ebft cho vi\u1ec7c cung c\u1ea5p d\u1ecbch v\u1ee5 ho\u1eb7c theo y\u00eau c\u1ea7u c\u1ee7a ph\u00e1p lu\u1eadt. Th\u00f4ng tin n\u00e0y c\u00f3 th\u1ec3 bao g\u1ed3m t\u00ean, \u0111\u1ecba ch\u1ec9, s\u1ed1 \u0111i\u1ec7n tho\u1ea1i, email, v\u00e0 th\u00f4ng tin thanh to\u00e1n.<\/p>\n<\/li>\n<li>\n<p>L\u01b0u tr\u1eef v\u00e0 b\u1ea3o m\u1eadt th\u00f4ng tin: Th\u00f4ng tin c\u00e1 nh\u00e2n c\u1ee7a qu\u00fd kh\u00e1ch h\u00e0ng s\u1ebd \u0111\u01b0\u1ee3c l\u01b0u tr\u1eef tr\u00ean h\u1ec7 th\u1ed1ng c\u1ee7a ch\u00fang t\u00f4i v\u00e0 b\u1ea3o m\u1eadt b\u1eb1ng c\u00e1c bi\u1ec7n ph\u00e1p c\u00f4ng ngh\u1ec7 ti\u00ean ti\u1ebfn. Ch\u00fang t\u00f4i cam k\u1ebft kh\u00f4ng chia s\u1ebb th\u00f4ng tin n\u00e0y v\u1edbi b\u1ea5t k\u1ef3 b\u00ean th\u1ee9 ba n\u00e0o tr\u1eeb khi c\u00f3 s\u1ef1 \u0111\u1ed3ng \u00fd c\u1ee7a qu\u00fd kh\u00e1ch h\u00e0ng ho\u1eb7c theo y\u00eau c\u1ea7u c\u1ee7a c\u01a1 quan ch\u1ee9c n\u0103ng.<\/p>\n<\/li>\n<li>\n<p>S\u1eed d\u1ee5ng th\u00f4ng tin: Ch\u00fang t\u00f4i s\u1eed d\u1ee5ng th\u00f4ng tin c\u00e1 nh\u00e2n c\u1ee7a qu\u00fd kh\u00e1ch h\u00e0ng \u0111\u1ec3 cung c\u1ea5p v\u00e0 c\u1ea3i thi\u1ec7n d\u1ecbch v\u1ee5, cung c\u1ea5p th\u00f4ng tin v\u00e0 h\u1ed7 tr\u1ee3, v\u00e0 th\u1ef1c hi\u1ec7n c\u00e1c ho\u1ea1t \u0111\u1ed9ng marketing n\u1ebfu qu\u00fd kh\u00e1ch h\u00e0ng \u0111\u1ed3ng \u00fd.<\/p>\n<\/li>\n<li>\n<p>Quy\u1ec1n c\u1ee7a kh\u00e1ch h\u00e0ng: Qu\u00fd kh\u00e1ch h\u00e0ng c\u00f3 quy\u1ec1n y\u00eau c\u1ea7u truy c\u1eadp, ch\u1ec9nh s\u1eeda, ho\u1eb7c x\u00f3a th\u00f4ng tin c\u00e1 nh\u00e2n c\u1ee7a m\u00ecnh. N\u1ebfu qu\u00fd kh\u00e1ch h\u00e0ng c\u00f3 b\u1ea5t k\u1ef3 c\u00e2u h\u1ecfi ho\u1eb7c lo ng\u1ea1i n\u00e0o v\u1ec1 ch\u00ednh s\u00e1ch b\u1ea3o m\u1eadt c\u1ee7a ch\u00fang t\u00f4i, xin vui l\u00f2ng li\u00ean h\u1ec7 v\u1edbi ch\u00fang t\u00f4i.<\/p>\n<\/li>\n<li>\n<p>C\u1eadp nh\u1eadt ch\u00ednh s\u00e1ch: Ch\u00fang t\u00f4i c\u00f3 th\u1ec3 c\u1eadp nh\u1eadt ch\u00ednh s\u00e1ch b\u1ea3o m\u1eadt n\u00e0y t\u1eeb th\u1eddi gian \u0111\u1ec3 ph\u00f9 h\u1ee3p v\u1edbi c\u00e1c thay \u0111\u1ed5i v\u1ec1 lu\u1eadt ph\u00e1p, c\u00f4ng ngh\u1ec7, ho\u1eb7c ho\u1ea1t \u0111\u1ed9ng kinh doanh. Ch\u00fang t\u00f4i s\u1ebd th\u00f4ng b\u00e1o cho qu\u00fd kh\u00e1ch h\u00e0ng v\u1ec1 c\u00e1c thay \u0111\u1ed5i quan tr\u1ecdng.<\/p>\n<\/li>\n<\/ol>\n<p>Ch\u00fang t\u00f4i cam k\u1ebft tu\u00e2n th\u1ee7 ch\u00ednh s\u00e1ch b\u1ea3o m\u1eadt n\u00e0y \u0111\u1ec3 b\u1ea3o v\u1ec7 quy\u1ec1n l\u1ee3i c\u1ee7a qu\u00fd kh\u00e1ch h\u00e0ng. Ch\u00fang t\u00f4i r\u1ea5t tr\u00e2n tr\u1ecdng l\u00f2ng tin y\u00eau v\u00e0 s\u1ef1 h\u1ee3p t\u00e1c c\u1ee7a qu\u00fd kh\u00e1ch h\u00e0ng \u0111\u1ec3 ch\u00fang t\u00f4i c\u00f3 th\u1ec3 cung c\u1ea5p d\u1ecbch v\u1ee5 t\u1ed1t nh\u1ea5t.<\/p>","protected":false},"excerpt":{"rendered":"<p>Tr\u01b0\u1edbc h\u1ebft, ch\u00fang t\u00f4i xin ch\u00e2n th\u00e0nh c\u1ea3m \u01a1n qu\u00fd kh\u00e1ch h\u00e0ng \u0111\u00e3 tin t\u01b0\u1edfng v\u00e0 s\u1eed d\u1ee5ng d\u1ecbch v\u1ee5 c\u1ee7a ch\u00fang t\u00f4i. Ch\u00fang t\u00f4i hi\u1ec3u r\u1eb1ng vi\u1ec7c b\u1ea3o v\u1ec7 th\u00f4ng tin c\u00e1 nh\u00e2n c\u1ee7a qu\u00fd kh\u00e1ch h\u00e0ng l\u00e0 m\u1ed9t nhi\u1ec7m v\u1ee5 c\u1ef1c k\u1ef3 quan tr\u1ecdng. V\u00ec v\u1eady, ch\u00fang t\u00f4i \u0111\u00e3 v\u00e0 \u0111ang \u00e1p d\u1ee5ng&#8230;<\/p>","protected":false},"author":1,"featured_media":0,"parent":0,"menu_order":0,"comment_status":"closed","ping_status":"open","template":"","meta":{"footnotes":""},"class_list":["post-3","page","type-page","status-publish","hentry"],"acf":[],"_links":{"self":[{"href":"https:\/\/thientanetc.com\/en\/wp-json\/wp\/v2\/pages\/3","targetHints":{"allow":["GET"]}}],"collection":[{"href":"https:\/\/thientanetc.com\/en\/wp-json\/wp\/v2\/pages"}],"about":[{"href":"https:\/\/thientanetc.com\/en\/wp-json\/wp\/v2\/types\/page"}],"author":[{"embeddable":true,"href":"https:\/\/thientanetc.com\/en\/wp-json\/wp\/v2\/users\/1"}],"replies":[{"embeddable":true,"href":"https:\/\/thientanetc.com\/en\/wp-json\/wp\/v2\/comments?post=3"}],"version-history":[{"count":0,"href":"https:\/\/thientanetc.com\/en\/wp-json\/wp\/v2\/pages\/3\/revisions"}],"wp:attachment":[{"href":"https:\/\/thientanetc.com\/en\/wp-json\/wp\/v2\/media?parent=3"}],"curies":[{"name":"wp","href":"https:\/\/api.w.org\/{rel}","templated":true}]}}