{"id":1147,"date":"2022-07-21T13:13:28","date_gmt":"2022-07-21T06:13:28","guid":{"rendered":"https:\/\/thientan.sagomedia.vn\/?page_id=1147"},"modified":"2023-06-05T13:24:17","modified_gmt":"2023-06-05T06:24:17","slug":"chinh-sach-khach-hang","status":"publish","type":"page","link":"https:\/\/thientanetc.com\/en\/chinh-sach-khach-hang\/","title":{"rendered":"Customer Policy"},"content":{"rendered":"<p>T\u1ea1i c\u00f4ng ty ch\u00fang t\u00f4i, m\u1ee5c ti\u00eau h\u00e0ng \u0111\u1ea7u l\u00e0 \u0111\u1ea3m b\u1ea3o s\u1ef1 h\u00e0i l\u00f2ng v\u00e0 ti\u1ec7n \u00edch t\u1ed1i \u0111a cho kh\u00e1ch h\u00e0ng. Ch\u00fang t\u00f4i tin t\u01b0\u1edfng r\u1eb1ng s\u1ef1 th\u00e0nh c\u00f4ng c\u1ee7a ch\u00fang t\u00f4i \u0111\u1ebfn t\u1eeb s\u1ef1 th\u00e0nh c\u00f4ng c\u1ee7a kh\u00e1ch h\u00e0ng. V\u00ec v\u1eady, ch\u00fang t\u00f4i cam k\u1ebft cung c\u1ea5p m\u1ed9t ch\u00ednh s\u00e1ch r\u00f5 r\u00e0ng v\u00e0 c\u00f4ng b\u1eb1ng v\u1edbi kh\u00e1ch h\u00e0ng.<\/p>\n<ol>\n<li>\n<p>\u0110\u00e1p \u1ee9ng nhu c\u1ea7u c\u1ee7a kh\u00e1ch h\u00e0ng: Ch\u00fang t\u00f4i kh\u00f4ng ch\u1ec9 cung c\u1ea5p gi\u1ea3i ph\u00e1p t\u1ef1 \u0111\u1ed9ng h\u00f3a, m\u00e0 c\u00f2n t\u00ecm hi\u1ec3u k\u1ef9 l\u01b0\u1ee1ng v\u00e0 th\u1ea5u hi\u1ec3u nhu c\u1ea7u c\u1ee7a kh\u00e1ch h\u00e0ng \u0111\u1ec3 \u0111\u01b0a ra l\u1eddi khuy\u00ean v\u00e0 gi\u1ea3i ph\u00e1p ph\u00f9 h\u1ee3p nh\u1ea5t.<\/p>\n<\/li>\n<li>\n<p>B\u1ea3o h\u00e0nh 12 th\u00e1ng: Ch\u00fang t\u00f4i cam k\u1ebft b\u1ea3o h\u00e0nh to\u00e0n b\u1ed9 h\u1ec7 th\u1ed1ng t\u1ef1 \u0111\u1ed9ng h\u00f3a trong v\u00f2ng 12 th\u00e1ng k\u1ec3 t\u1eeb ng\u00e0y l\u1eafp \u0111\u1eb7t ho\u00e0n t\u1ea5t, bao g\u1ed3m vi\u1ec7c s\u1eeda ch\u1eefa ho\u1eb7c thay th\u1ebf c\u00e1c th\u00e0nh ph\u1ea7n h\u1ecfng h\u00f3c do l\u1ed7i t\u1eeb nh\u00e0 s\u1ea3n xu\u1ea5t ho\u1eb7c trong qu\u00e1 tr\u00ecnh l\u1eafp \u0111\u1eb7t.<\/p>\n<\/li>\n<li>\n<p>H\u1ed7 tr\u1ee3 k\u1ef9 thu\u1eadt: \u0110\u1ed9i ng\u0169 k\u1ef9 thu\u1eadt vi\u00ean c\u1ee7a ch\u00fang t\u00f4i s\u1ebd lu\u00f4n s\u1eb5n s\u00e0ng h\u1ed7 tr\u1ee3 kh\u00e1ch h\u00e0ng trong vi\u1ec7c v\u1eadn h\u00e0nh, b\u1ea3o d\u01b0\u1ee1ng v\u00e0 kh\u1eafc ph\u1ee5c s\u1ef1 c\u1ed1.<\/p>\n<\/li>\n<li>\n<p>B\u1ea3o m\u1eadt th\u00f4ng tin: Ch\u00fang t\u00f4i t\u00f4n tr\u1ecdng quy\u1ec1n ri\u00eang t\u01b0 c\u1ee7a kh\u00e1ch h\u00e0ng v\u00e0 cam k\u1ebft b\u1ea3o m\u1eadt m\u1ecdi th\u00f4ng tin c\u00e1 nh\u00e2n c\u1ee7a kh\u00e1ch h\u00e0ng. Th\u00f4ng tin c\u00e1 nh\u00e2n ch\u1ec9 \u0111\u01b0\u1ee3c s\u1eed d\u1ee5ng trong m\u1ee5c \u0111\u00edch cung c\u1ea5p v\u00e0 c\u1ea3i ti\u1ebfn d\u1ecbch v\u1ee5.<\/p>\n<\/li>\n<li>\n<p>\u0110\u00e1nh gi\u00e1 v\u00e0 ph\u1ea3n h\u1ed3i: Ch\u00fang t\u00f4i lu\u00f4n mong mu\u1ed1n nh\u1eadn \u0111\u01b0\u1ee3c \u0111\u00e1nh gi\u00e1 v\u00e0 ph\u1ea3n h\u1ed3i t\u1eeb kh\u00e1ch h\u00e0ng \u0111\u1ec3 c\u1ea3i thi\u1ec7n ch\u1ea5t l\u01b0\u1ee3ng d\u1ecbch v\u1ee5. M\u1ecdi g\u00f3p \u00fd t\u1eeb kh\u00e1ch h\u00e0ng s\u1ebd \u0111\u01b0\u1ee3c ch\u00fang t\u00f4i ghi nh\u1eadn v\u00e0 xem x\u00e9t m\u1ed9t c\u00e1ch nghi\u00eam t\u00fac.<\/p>\n<\/li>\n<\/ol>\n<p>Ch\u00fang t\u00f4i hi v\u1ecdng r\u1eb1ng v\u1edbi ch\u00ednh s\u00e1ch n\u00e0y, ch\u00fang t\u00f4i s\u1ebd kh\u00f4ng ch\u1ec9 \u0111\u00e1p \u1ee9ng m\u00e0 c\u00f2n v\u01b0\u1ee3t qu\u00e1 mong \u0111\u1ee3i c\u1ee7a kh\u00e1ch h\u00e0ng. S\u1ef1 h\u00e0i l\u00f2ng c\u1ee7a qu\u00fd kh\u00e1ch h\u00e0ng ch\u00ednh l\u00e0 th\u00e0nh c\u00f4ng c\u1ee7a ch\u00fang t\u00f4i.<\/p>","protected":false},"excerpt":{"rendered":"<p>T\u1ea1i c\u00f4ng ty ch\u00fang t\u00f4i, m\u1ee5c ti\u00eau h\u00e0ng \u0111\u1ea7u l\u00e0 \u0111\u1ea3m b\u1ea3o s\u1ef1 h\u00e0i l\u00f2ng v\u00e0 ti\u1ec7n \u00edch t\u1ed1i \u0111a cho kh\u00e1ch h\u00e0ng. Ch\u00fang t\u00f4i tin t\u01b0\u1edfng r\u1eb1ng s\u1ef1 th\u00e0nh c\u00f4ng c\u1ee7a ch\u00fang t\u00f4i \u0111\u1ebfn t\u1eeb s\u1ef1 th\u00e0nh c\u00f4ng c\u1ee7a kh\u00e1ch h\u00e0ng. V\u00ec v\u1eady, ch\u00fang t\u00f4i cam k\u1ebft cung c\u1ea5p m\u1ed9t ch\u00ednh s\u00e1ch r\u00f5 r\u00e0ng&#8230;<\/p>","protected":false},"author":1,"featured_media":0,"parent":0,"menu_order":0,"comment_status":"closed","ping_status":"closed","template":"","meta":{"footnotes":""},"class_list":["post-1147","page","type-page","status-publish","hentry"],"acf":[],"_links":{"self":[{"href":"https:\/\/thientanetc.com\/en\/wp-json\/wp\/v2\/pages\/1147","targetHints":{"allow":["GET"]}}],"collection":[{"href":"https:\/\/thientanetc.com\/en\/wp-json\/wp\/v2\/pages"}],"about":[{"href":"https:\/\/thientanetc.com\/en\/wp-json\/wp\/v2\/types\/page"}],"author":[{"embeddable":true,"href":"https:\/\/thientanetc.com\/en\/wp-json\/wp\/v2\/users\/1"}],"replies":[{"embeddable":true,"href":"https:\/\/thientanetc.com\/en\/wp-json\/wp\/v2\/comments?post=1147"}],"version-history":[{"count":0,"href":"https:\/\/thientanetc.com\/en\/wp-json\/wp\/v2\/pages\/1147\/revisions"}],"wp:attachment":[{"href":"https:\/\/thientanetc.com\/en\/wp-json\/wp\/v2\/media?parent=1147"}],"curies":[{"name":"wp","href":"https:\/\/api.w.org\/{rel}","templated":true}]}}